{"id":5287,"date":"2023-09-06T14:04:50","date_gmt":"2023-09-06T14:04:50","guid":{"rendered":"https:\/\/www.ultrawebstudio.it\/?page_id=5287"},"modified":"2023-11-03T10:59:57","modified_gmt":"2023-11-03T10:59:57","slug":"lavora-con-noi","status":"publish","type":"page","link":"https:\/\/www.ultrawebstudio.it\/hu\/lavora-con-noi\/","title":{"rendered":"dolgozz vel\u00fcnk"},"content":{"rendered":"<div data-elementor-type=\"wp-page\" data-elementor-id=\"5287\" class=\"elementor elementor-5287\">\n\t\t\t\t\t\t<section class=\"elementor-section elementor-top-section elementor-element elementor-element-1b91ea3 elementor-section-stretched elementor-section-boxed elementor-section-height-default elementor-section-height-default\" data-id=\"1b91ea3\" data-element_type=\"section\" data-e-type=\"section\" data-settings=\"{&quot;stretch_section&quot;:&quot;section-stretched&quot;}\">\n\t\t\t\t\t\t<div class=\"elementor-container elementor-column-gap-default\">\n\t\t\t\t\t<div class=\"elementor-column elementor-col-100 elementor-top-column elementor-element elementor-element-2ad5c4f\" data-id=\"2ad5c4f\" data-element_type=\"column\" data-e-type=\"column\">\n\t\t\t<div class=\"elementor-widget-wrap elementor-element-populated\">\n\t\t\t\t\t\t<div class=\"elementor-element elementor-element-cfa64fd elementor-widget elementor-widget-heading\" data-id=\"cfa64fd\" data-element_type=\"widget\" data-e-type=\"widget\" data-widget_type=\"heading.default\">\n\t\t\t\t<div class=\"elementor-widget-container\">\n\t\t\t\t\t<h2 class=\"elementor-heading-title elementor-size-default\">legy\u00e9l Te is csapatunk r\u00e9sze!<\/h2>\t\t\t\t<\/div>\n\t\t\t\t<\/div>\n\t\t\t\t<div class=\"elementor-element elementor-element-1cb309d elementor-widget elementor-widget-text-editor\" data-id=\"1cb309d\" data-element_type=\"widget\" data-e-type=\"widget\" data-widget_type=\"text-editor.default\">\n\t\t\t\t<div class=\"elementor-widget-container\">\n\t\t\t\t\t\t\t\t\t<p class=\"translation-block\">sz\u00edvesen lenn\u00e9l egy fiatalos, kreat\u00edv emberekb\u0151l \u00e1ll\u00f3 k\u00f6z\u00f6ss\u00e9g r\u00e9sze?<\/p>\n<p class=\"translation-block\">ne vesztegesd tov\u00e1bb az id\u0151t!<\/p>\n<p class=\"translation-block\">hogyan m\u0171k\u00f6dik?\nk\u00fcldd el nek\u00fcnk jelentkez\u00e9sedet \u00e9s ha Te vagy az a k\u00f6vetkez\u0151 digit\u00e1lis bajnok, akit keres\u00fcnk, felvessz\u00fck veled a kapcsolatot!<\/p>\n<p class=\"translation-block\">t\u00f6ltsd ki az al\u00e1bbi \u0171rlapot, alig v\u00e1rjuk, hogy megismerhess\u00fcnk!<\/p>\t\t\t\t\t\t\t\t<\/div>\n\t\t\t\t<\/div>\n\t\t\t\t\t<\/div>\n\t\t<\/div>\n\t\t\t\t\t<\/div>\n\t\t<\/section>\n\t\t\t\t<section class=\"elementor-section elementor-top-section elementor-element elementor-element-7693b3b elementor-section-boxed elementor-section-height-default elementor-section-height-default\" data-id=\"7693b3b\" data-element_type=\"section\" data-e-type=\"section\">\n\t\t\t\t\t\t<div class=\"elementor-container elementor-column-gap-default\">\n\t\t\t\t\t<div class=\"elementor-column elementor-col-100 elementor-top-column elementor-element elementor-element-1d8c6bd\" data-id=\"1d8c6bd\" data-element_type=\"column\" data-e-type=\"column\">\n\t\t\t<div class=\"elementor-widget-wrap elementor-element-populated\">\n\t\t\t\t\t\t<div class=\"elementor-element elementor-element-4cdecaf elementor-widget elementor-widget-onovo-cf7-form\" data-id=\"4cdecaf\" data-element_type=\"widget\" data-e-type=\"widget\" data-widget_type=\"onovo-cf7-form.default\">\n\t\t\t\t<div class=\"elementor-widget-container\">\n\t\t\t\t\t\n\t\t\t\t\t\n<div class=\"wpcf7 no-js\" id=\"wpcf7-f8004-o1\" lang=\"it-IT\" dir=\"ltr\" data-wpcf7-id=\"8004\">\n<div class=\"screen-reader-response\"><p role=\"status\" aria-live=\"polite\" aria-atomic=\"true\"><\/p> <ul><\/ul><\/div>\n<form action=\"\/hu\/wp-json\/wp\/v2\/pages\/5287#wpcf7-f8004-o1\" method=\"post\" class=\"wpcf7-form init\" aria-label=\"Modulo di contatto\" enctype=\"multipart\/form-data\" novalidate=\"novalidate\" data-status=\"init\" data-trp-original-action=\"\/hu\/wp-json\/wp\/v2\/pages\/5287#wpcf7-f8004-o1\">\n<fieldset class=\"hidden-fields-container\"><input type=\"hidden\" name=\"_wpcf7\" value=\"8004\" \/><input type=\"hidden\" name=\"_wpcf7_version\" value=\"6.1.5\" \/><input type=\"hidden\" name=\"_wpcf7_locale\" value=\"it_IT\" \/><input type=\"hidden\" name=\"_wpcf7_unit_tag\" value=\"wpcf7-f8004-o1\" \/><input type=\"hidden\" name=\"_wpcf7_container_post\" value=\"0\" \/><input type=\"hidden\" name=\"_wpcf7_posted_data_hash\" value=\"\" \/>\n<\/fieldset>\n<p><label><\/label>\n<\/p>\n<p style=\"font-family:comfortaa;\">vezet\u00e9kn\u00e9v &amp; keresztn\u00e9v<br \/>\n<span class=\"wpcf7-form-control-wrap\" data-name=\"your-name\"><input size=\"40\" maxlength=\"400\" class=\"wpcf7-form-control wpcf7-text wpcf7-validates-as-required\" autocomplete=\"name\" aria-required=\"true\" aria-invalid=\"false\" value=\"\" type=\"text\" name=\"your-name\" \/><\/span>\n<\/p>\n<p><label><\/label>\n<\/p>\n<p style=\"font-family:comfortaa;\">email<br \/>\n<span class=\"wpcf7-form-control-wrap\" data-name=\"your-email\"><input size=\"40\" maxlength=\"400\" class=\"wpcf7-form-control wpcf7-email wpcf7-validates-as-required wpcf7-text wpcf7-validates-as-email\" autocomplete=\"email\" aria-required=\"true\" aria-invalid=\"false\" value=\"\" type=\"email\" name=\"your-email\" \/><\/span>\n<\/p>\n<p><label><\/label>\n<\/p>\n<p style=\"font-family:comfortaa;\">sz\u00f6veges \u00fczenet<br \/>\n<span class=\"wpcf7-form-control-wrap\" data-name=\"your-message\"><textarea cols=\"40\" rows=\"10\" maxlength=\"2000\" class=\"wpcf7-form-control wpcf7-textarea wpcf7-validates-as-required\" aria-required=\"true\" aria-invalid=\"false\" name=\"your-message\"><\/textarea><\/span>\n<\/p>\n<p><label><\/label>\n<\/p>\n<p style=\"font-family:comfortaa;\">oldja meg a kv\u00edzt<br \/>\n<span class=\"wpcf7-form-control-wrap\" data-name=\"quiz-606\"><label><span class=\"wpcf7-quiz-label\">2+7?<\/span> <input size=\"40\" class=\"wpcf7-form-control wpcf7-quiz\" autocomplete=\"off\" aria-required=\"true\" aria-invalid=\"false\" type=\"text\" name=\"quiz-606\" \/><\/label><input type=\"hidden\" name=\"_wpcf7_quiz_answer_quiz-606\" value=\"74d4dd8cb6c56a43e26f215e76a84a62\" \/><\/span>\n<\/p>\n<p><label><br \/>\n<\/label>\n<\/p>\n<p style=\"font-family:comfortaa;\">Kijelentem, hogy elolvastam az Adatkezel\u00e9si t\u00e1j\u00e9koztat\u00f3ban a szem\u00e9lyes adatok kezel\u00e9s\u00e9r\u0151l sz\u00f3l\u00f3 t\u00e1j\u00e9koztat\u00f3t, \u00e9s enged\u00e9lyezem, hogy ism\u00e9telten kapcsolatba l\u00e9phessek velem<span class=\"wpcf7-form-control-wrap\" data-name=\"acceptance-372\"><span class=\"wpcf7-form-control wpcf7-acceptance\"><span class=\"wpcf7-list-item\"><label><input type=\"checkbox\" name=\"acceptance-372\" value=\"1\" aria-invalid=\"false\" \/><span class=\"wpcf7-list-item-label\"><\/p><\/span><\/label><\/span><\/span><\/span>\n<\/p>\n<p><label><\/label>\n<\/p>\n<p style=\"font-family:comfortaa;\">CV felt\u00f6lt\u00e9se PDF-ben (Max 10MB)<br \/>\n<span class=\"wpcf7-form-control-wrap\" data-name=\"file-938\"><input size=\"40\" class=\"wpcf7-form-control wpcf7-file wpcf7-validates-as-required\" accept=\".pdf\" aria-required=\"true\" aria-invalid=\"false\" type=\"file\" name=\"file-938\" \/><\/span>\n<\/p>\n<p style=\"font-family:comfortaa;\"><br \/>\n<input class=\"wpcf7-form-control wpcf7-submit has-spinner\" type=\"submit\" value=\"k\u00fcld\u00e9s\" \/>\n<\/p><div class=\"wpcf7-response-output\" aria-hidden=\"true\"><\/div>\n<input type=\"hidden\" name=\"trp-form-language\" value=\"hu\"\/><\/form>\n<\/div>\n\t\t\n\t\t\t\t\t\t<\/div>\n\t\t\t\t<\/div>\n\t\t\t\t\t<\/div>\n\t\t<\/div>\n\t\t\t\t\t<\/div>\n\t\t<\/section>\n\t\t\t\t<\/div>","protected":false},"excerpt":{"rendered":"<p>entra nel nostro team! hai mai pensato che le tue passioni potessero trasformarsi in un lavoro&#8230; <br \/><a href=\"https:\/\/www.ultrawebstudio.it\/hu\/lavora-con-noi\/\" class=\"onovo-btn onovo-hover-btn\"><span>Read more<\/span><\/a><\/p>","protected":false},"author":1,"featured_media":0,"parent":0,"menu_order":0,"comment_status":"closed","ping_status":"closed","template":"","meta":{"footnotes":""},"class_list":["post-5287","page","type-page","status-publish","hentry"],"acf":[],"_links":{"self":[{"href":"https:\/\/www.ultrawebstudio.it\/hu\/wp-json\/wp\/v2\/pages\/5287","targetHints":{"allow":["GET"]}}],"collection":[{"href":"https:\/\/www.ultrawebstudio.it\/hu\/wp-json\/wp\/v2\/pages"}],"about":[{"href":"https:\/\/www.ultrawebstudio.it\/hu\/wp-json\/wp\/v2\/types\/page"}],"author":[{"embeddable":true,"href":"https:\/\/www.ultrawebstudio.it\/hu\/wp-json\/wp\/v2\/users\/1"}],"replies":[{"embeddable":true,"href":"https:\/\/www.ultrawebstudio.it\/hu\/wp-json\/wp\/v2\/comments?post=5287"}],"version-history":[{"count":49,"href":"https:\/\/www.ultrawebstudio.it\/hu\/wp-json\/wp\/v2\/pages\/5287\/revisions"}],"predecessor-version":[{"id":8007,"href":"https:\/\/www.ultrawebstudio.it\/hu\/wp-json\/wp\/v2\/pages\/5287\/revisions\/8007"}],"wp:attachment":[{"href":"https:\/\/www.ultrawebstudio.it\/hu\/wp-json\/wp\/v2\/media?parent=5287"}],"curies":[{"name":"wp","href":"https:\/\/api.w.org\/{rel}","templated":true}]}}