{"id":5892,"date":"2023-09-19T12:45:43","date_gmt":"2023-09-19T12:45:43","guid":{"rendered":"https:\/\/www.ultrawebstudio.it\/?page_id=5892"},"modified":"2023-10-28T12:51:20","modified_gmt":"2023-10-28T12:51:20","slug":"siti-web-e-ecommerce","status":"publish","type":"page","link":"https:\/\/www.ultrawebstudio.it\/hu\/servizi\/siti-web-e-ecommerce\/","title":{"rendered":"website &amp; webshop"},"content":{"rendered":"<div data-elementor-type=\"wp-page\" data-elementor-id=\"5892\" class=\"elementor elementor-5892\">\n\t\t\t\t\t\t<section class=\"elementor-section elementor-top-section elementor-element elementor-element-2a30dfa elementor-section-stretched elementor-section-boxed elementor-section-height-default elementor-section-height-default\" data-id=\"2a30dfa\" data-element_type=\"section\" data-e-type=\"section\" data-settings=\"{&quot;stretch_section&quot;:&quot;section-stretched&quot;}\">\n\t\t\t\t\t\t<div class=\"elementor-container elementor-column-gap-default\">\n\t\t\t\t\t<div class=\"elementor-column elementor-col-50 elementor-top-column elementor-element elementor-element-9997dab\" data-id=\"9997dab\" data-element_type=\"column\" data-e-type=\"column\">\n\t\t\t<div class=\"elementor-widget-wrap elementor-element-populated\">\n\t\t\t\t\t\t<section class=\"elementor-section elementor-inner-section elementor-element elementor-element-e20c40a elementor-section-full_width elementor-section-height-default elementor-section-height-default\" data-id=\"e20c40a\" data-element_type=\"section\" data-e-type=\"section\">\n\t\t\t\t\t\t<div class=\"elementor-container elementor-column-gap-no\">\n\t\t\t\t\t<div class=\"elementor-column elementor-col-100 elementor-inner-column elementor-element elementor-element-c17f117\" data-id=\"c17f117\" data-element_type=\"column\" data-e-type=\"column\">\n\t\t\t<div class=\"elementor-widget-wrap elementor-element-populated\">\n\t\t\t\t\t\t<div class=\"elementor-element elementor-element-9bd21f7 elementor-widget elementor-widget-image\" data-id=\"9bd21f7\" data-element_type=\"widget\" data-e-type=\"widget\" data-widget_type=\"image.default\">\n\t\t\t\t<div class=\"elementor-widget-container\">\n\t\t\t\t\t\t\t\t\t\t\t\t\t\t\t<img fetchpriority=\"high\" decoding=\"async\" width=\"1920\" height=\"1047\" src=\"https:\/\/www.ultrawebstudio.it\/wp-content\/uploads\/2023\/10\/siti-web-1920x1047.png\" class=\"attachment-onovo_1920xAuto size-onovo_1920xAuto wp-image-7587\" alt=\"\" srcset=\"https:\/\/www.ultrawebstudio.it\/wp-content\/uploads\/2023\/10\/siti-web-1920x1047.png 1920w, https:\/\/www.ultrawebstudio.it\/wp-content\/uploads\/2023\/10\/siti-web-300x164.png 300w, https:\/\/www.ultrawebstudio.it\/wp-content\/uploads\/2023\/10\/siti-web-1024x559.png 1024w, https:\/\/www.ultrawebstudio.it\/wp-content\/uploads\/2023\/10\/siti-web-768x419.png 768w, https:\/\/www.ultrawebstudio.it\/wp-content\/uploads\/2023\/10\/siti-web-1536x838.png 1536w, https:\/\/www.ultrawebstudio.it\/wp-content\/uploads\/2023\/10\/siti-web-2048x1117.png 2048w, https:\/\/www.ultrawebstudio.it\/wp-content\/uploads\/2023\/10\/siti-web-200x109.png 200w, https:\/\/www.ultrawebstudio.it\/wp-content\/uploads\/2023\/10\/siti-web-400x218.png 400w, https:\/\/www.ultrawebstudio.it\/wp-content\/uploads\/2023\/10\/siti-web-800x436.png 800w, https:\/\/www.ultrawebstudio.it\/wp-content\/uploads\/2023\/10\/siti-web-1000x545.png 1000w, https:\/\/www.ultrawebstudio.it\/wp-content\/uploads\/2023\/10\/siti-web-1200x655.png 1200w\" sizes=\"(max-width: 1920px) 100vw, 1920px\" \/>\t\t\t\t\t\t\t\t\t\t\t\t\t\t\t<\/div>\n\t\t\t\t<\/div>\n\t\t\t\t<div class=\"elementor-element elementor-element-ad1aedf elementor-invisible elementor-widget elementor-widget-heading\" data-id=\"ad1aedf\" data-element_type=\"widget\" data-e-type=\"widget\" data-settings=\"{&quot;_animation&quot;:&quot;fadeInLeft&quot;}\" data-widget_type=\"heading.default\">\n\t\t\t\t<div class=\"elementor-widget-container\">\n\t\t\t\t\t<h2 class=\"elementor-heading-title elementor-size-default\"><br>mert minden egy \u00fct\u0151s weboldaln\u00e1l kezd\u0151dik<\/h2>\t\t\t\t<\/div>\n\t\t\t\t<\/div>\n\t\t\t\t<div class=\"elementor-element elementor-element-dbb31c6 elementor-widget elementor-widget-text-editor\" data-id=\"dbb31c6\" data-element_type=\"widget\" data-e-type=\"widget\" data-widget_type=\"text-editor.default\">\n\t\t\t\t<div class=\"elementor-widget-container\">\n\t\t\t\t\t\t\t\t\t<p class=\"translation-block\">a weboldal nem csup\u00e1n egy egyszer\u0171 bemutatkoz\u00f3 arr\u00f3l, hogy ki vagy \u00e9s milyen szolg\u00e1ltat\u00e1sokat aj\u00e1nlasz, hanem mindenekel\u0151tt a v\u00e1s\u00e1rl\u00f3iddal val\u00f3 interakci\u00f3 egyik f\u0151 eszk\u00f6ze, ahol potenci\u00e1lis \u00fcgyfelek ezrei landolhatnak.<\/p><p class=\"translation-block\">egy t\u00f6k\u00e9letesen funkcion\u00e1l\u00f3, modern weboldal manaps\u00e1g m\u00e1r elengedhetetlen a c\u00e9lk\u00f6z\u00f6ns\u00e9ged bevonz\u00e1s\u00e1hoz!<\/p>\t\t\t\t\t\t\t\t<\/div>\n\t\t\t\t<\/div>\n\t\t\t\t\t<\/div>\n\t\t<\/div>\n\t\t\t\t\t<\/div>\n\t\t<\/section>\n\t\t\t\t<section class=\"elementor-section elementor-inner-section elementor-element elementor-element-55b8153 elementor-section-full_width elementor-section-height-default elementor-section-height-default\" data-id=\"55b8153\" data-element_type=\"section\" data-e-type=\"section\">\n\t\t\t\t\t\t<div class=\"elementor-container elementor-column-gap-no\">\n\t\t\t\t\t<div class=\"elementor-column elementor-col-100 elementor-inner-column elementor-element elementor-element-9fd251f\" data-id=\"9fd251f\" data-element_type=\"column\" data-e-type=\"column\">\n\t\t\t<div class=\"elementor-widget-wrap elementor-element-populated\">\n\t\t\t\t\t\t<div class=\"elementor-element elementor-element-7f5afdb elementor-widget elementor-widget-onovo-faq\" data-id=\"7f5afdb\" data-element_type=\"widget\" data-e-type=\"widget\" data-widget_type=\"onovo-faq.default\">\n\t\t\t\t<div class=\"elementor-widget-container\">\n\t\t\t\t\t\t\t\n\t\t\t\t<div class=\"onovo-faq-items\">\n\t\t\t\t\t\t<div class=\"onovo-faq-item onovo-collapse-item\">\n\t\t\t\t\t\t\t\t<h5 class=\"title onovo-collapse-btn\">\n\t\t\t\t\t<span >\n\t\t\t\t\t\tt\u00f6bboldalas\t\t\t\t\t<\/span>\n\t\t\t\t\t<i class=\"arrow\"><\/i>\n\t\t\t\t<\/h5>\n\t\t\t\t\t\t\t\t\t\t\t\t<div class=\"onovo-text\" style=\"display: none;\">\n\t\t\t\t\t<div >\n\t\t\t\t\t\t<p class=\"translation-block\">minden ig\u00e9nyre \u00e9s v\u00e1llalkoz\u00e1st\u00edpusra alkalmas, egyszer\u0171 statikus oldalt\u00f3l az \u00f6sszetettebb dinamikus oldalig, trendi grafik\u00e1val kieg\u00e9sz\u00edtve, nem elhanyagolva a SEO tartalom fontoss\u00e1g\u00e1t, a k\u00f6nnyebb \u00e9s gyorsabb keres\u0151motoros poz\u00edcion\u00e1l\u00e1s \u00e9rdek\u00e9ben<\/p>\t\t\t\t\t<\/div>\n\t\t\t\t<\/div>\n\t\t\t\t\t\t\t<\/div>\n\t\t\t\t\t\t<div class=\"onovo-faq-item onovo-collapse-item\">\n\t\t\t\t\t\t\t\t<h5 class=\"title onovo-collapse-btn\">\n\t\t\t\t\t<span >\n\t\t\t\t\t\tegyoldalas\t\t\t\t\t<\/span>\n\t\t\t\t\t<i class=\"arrow\"><\/i>\n\t\t\t\t<\/h5>\n\t\t\t\t\t\t\t\t\t\t\t\t<div class=\"onovo-text\" style=\"display: none;\">\n\t\t\t\t\t<div >\n\t\t\t\t\t\t<p class=\"translation-block\">a legjobb megold\u00e1s arra, ha kisebb befektet\u00e9ssel \u00e9s gyorsabban szeretn\u00e9l nagyobb n\u00e9pszer\u0171s\u00e9get gener\u00e1lni \u00fczletednek<\/p>\t\t\t\t\t<\/div>\n\t\t\t\t<\/div>\n\t\t\t\t\t\t\t<\/div>\n\t\t\t\t\t\t<div class=\"onovo-faq-item onovo-collapse-item\">\n\t\t\t\t\t\t\t\t<h5 class=\"title onovo-collapse-btn\">\n\t\t\t\t\t<span >\n\t\t\t\t\t\t\u00e1tdiz\u00e1jnolt\t\t\t\t\t<\/span>\n\t\t\t\t\t<i class=\"arrow\"><\/i>\n\t\t\t\t<\/h5>\n\t\t\t\t\t\t\t\t\t\t\t\t<div class=\"onovo-text\" style=\"display: none;\">\n\t\t\t\t\t<div >\n\t\t\t\t\t\t<p class=\"translation-block\">b\u00edzd r\u00e1nk r\u00e9gi weboldaladat, hogy gyorsabb, szebb, \u00e9s reszponz\u00edvabb legyen az \u00f6sszes k\u00edv\u00e1nt eszk\u00f6z\u00f6n! Tartalommarketinget is v\u00e1llalunk, hogy oldalad jobb poz\u00edci\u00f3ba ker\u00fclhessen a keres\u00e9si tal\u00e1latok k\u00f6z\u00f6tt, mindezt a nagyobb v\u00e1s\u00e1rl\u00f3i forgalom el\u00e9r\u00e9s\u00e9nek \u00e9rdek\u00e9ben<\/p>\t\t\t\t\t<\/div>\n\t\t\t\t<\/div>\n\t\t\t\t\t\t\t<\/div>\n\t\t\t\t\t\t<div class=\"onovo-faq-item onovo-collapse-item\">\n\t\t\t\t\t\t\t\t<h5 class=\"title onovo-collapse-btn\">\n\t\t\t\t\t<span >\n\t\t\t\t\t\te-kereskedelem\t\t\t\t\t<\/span>\n\t\t\t\t\t<i class=\"arrow\"><\/i>\n\t\t\t\t<\/h5>\n\t\t\t\t\t\t\t\t\t\t\t\t<div class=\"onovo-text\" style=\"display: none;\">\n\t\t\t\t\t<div >\n\t\t\t\t\t\t<p class=\"translation-block\">ind\u00edtsd be \u00e9jjel-nappal nyitva tart\u00f3 online boltodat! N\u00e1lunk nem sz\u00e1m\u00edt, hogy egy term\u00e9ket \u00e1rus\u00edt\u00f3, vagy \u00f6sszetettebb shopot szeretn\u00e9l, mindenk\u00e9ppen a lehet\u0151 legide\u00e1lisabb tartalomkezel\u0151 rendszert (CMS) v\u00e1lasztjuk ki sz\u00e1modra<\/p>\t\t\t\t\t<\/div>\n\t\t\t\t<\/div>\n\t\t\t\t\t\t\t<\/div>\n\t\t\t\t\t<\/div>\n\t\t\n\t\t\t\t\t\t<\/div>\n\t\t\t\t<\/div>\n\t\t\t\t\t<\/div>\n\t\t<\/div>\n\t\t\t\t\t<\/div>\n\t\t<\/section>\n\t\t\t\t\t<\/div>\n\t\t<\/div>\n\t\t\t\t<div class=\"elementor-column elementor-col-50 elementor-top-column elementor-element elementor-element-e5a5085\" data-id=\"e5a5085\" data-element_type=\"column\" data-e-type=\"column\" data-settings=\"{&quot;background_background&quot;:&quot;classic&quot;}\">\n\t\t\t<div class=\"elementor-widget-wrap elementor-element-populated\">\n\t\t\t\t\t\t<div class=\"elementor-element elementor-element-8f5a7b5 elementor-widget elementor-widget-onovo-services\" data-id=\"8f5a7b5\" data-element_type=\"widget\" data-e-type=\"widget\" data-widget_type=\"onovo-services.default\">\n\t\t\t\t<div class=\"elementor-widget-container\">\n\t\t\t\t\t\n\t\t<div class=\"onovo-service-item onovo-service-no-icon\">\n\t\t\t\t\t\t\t\t\t<div class=\"onovo-service-item-inner onovo-hover-3 onovo-hover-black\">\n\t\t\t\t\t\t\t\t<h5 class=\"title\">\n\t\t\t\t\t<a href=\"https:\/\/www.ultrawebstudio.it\/hu\/servizi\/\">\n\t\t\t\t\t\t<span  data-splitting data-onovo-scroll>\n\t\t\t\t\t\t\tszolg\u00e1ltat\u00e1saink\t\t\t\t\t\t<\/span>\n\t\t\t\t\t<\/a>\n\t\t\t\t<\/h5>\n\t\t\t\t\t\t\t\t\t\t\t\t<div class=\"list\">\n\t\t\t\t\t<ul>\n\t\t\t\t\t\t\t\t\t\t\t\t<li class=\"translation-block\"><a href=\"https:\/\/www.ultrawebstudio.it\/hu\/servizi\/digital-marketing\/\">digit\u00e1lis <br> marketing<\/a><\/li>\n\t\t\t\t\t\t\t\t\t\t\t\t<li class=\"translation-block\"><a href=\"https:\/\/www.ultrawebstudio.it\/hu\/servizi\/grafica-e-web-design\/\">grafika &amp; <br> webdiz\u00e1jn<\/a><\/li>\n\t\t\t\t\t\t\t\t\t\t\t\t<li class=\"translation-block\"><a href=\"https:\/\/www.ultrawebstudio.it\/hu\/servizi\/assistenza-linguistica\/\">ford\u00edt\u00e1s<\/a><\/li>\n\t\t\t\t\t\t\t\t\t\t\t<\/ul>\n\t\t\t\t<\/div>\n\t\t\t\t\t\t\t<\/div>\n\t\t<\/div>\n\n\t\t\t\t\t<\/div>\n\t\t\t\t<\/div>\n\t\t\t\t<section class=\"elementor-section elementor-inner-section elementor-element elementor-element-f418e53 elementor-section-full_width elementor-section-height-default elementor-section-height-default\" data-id=\"f418e53\" data-element_type=\"section\" data-e-type=\"section\" data-settings=\"{&quot;background_background&quot;:&quot;classic&quot;}\">\n\t\t\t\t\t\t<div class=\"elementor-container elementor-column-gap-no\">\n\t\t\t\t\t<div class=\"elementor-column elementor-col-100 elementor-inner-column elementor-element elementor-element-3205389\" data-id=\"3205389\" data-element_type=\"column\" data-e-type=\"column\">\n\t\t\t<div class=\"elementor-widget-wrap elementor-element-populated\">\n\t\t\t\t\t\t<div class=\"elementor-element elementor-element-b8394af elementor-widget elementor-widget-heading\" data-id=\"b8394af\" data-element_type=\"widget\" data-e-type=\"widget\" data-widget_type=\"heading.default\">\n\t\t\t\t<div class=\"elementor-widget-container\">\n\t\t\t\t\t<h5 class=\"elementor-heading-title elementor-size-default\">szeretn\u00e9d v\u00e1llalkoz\u00e1sodnak megadni a neki j\u00e1r\u00f3 n\u00e9pszer\u0171s\u00e9get?<\/h5>\t\t\t\t<\/div>\n\t\t\t\t<\/div>\n\t\t\t\t<div class=\"elementor-element elementor-element-6a1a5ee elementor-widget elementor-widget-onovo-button\" data-id=\"6a1a5ee\" data-element_type=\"widget\" data-e-type=\"widget\" data-widget_type=\"onovo-button.default\">\n\t\t\t\t<div class=\"elementor-widget-container\">\n\t\t\t\t\t\n\t\t\t\t<!-- Button -->\n\t\t<a class=\"onovo-btn onovo-hover-btn\" href=\"\/hu\/contattaci\/\">\n    \t\t<i class=\"arrow\"><span><\/span><\/i>\t\t\t\t\t\t<span >\n\t\t\t\tkapcsolat\t\t\t<\/span>\n    \t<\/a>\n\t\t\n\t\t\t\t\t\t<\/div>\n\t\t\t\t<\/div>\n\t\t\t\t\t<\/div>\n\t\t<\/div>\n\t\t\t\t\t<\/div>\n\t\t<\/section>\n\t\t\t\t\t<\/div>\n\t\t<\/div>\n\t\t\t\t\t<\/div>\n\t\t<\/section>\n\t\t\t\t<section class=\"elementor-section elementor-top-section elementor-element elementor-element-f687c40 elementor-section-stretched elementor-section-boxed elementor-section-height-default elementor-section-height-default\" data-id=\"f687c40\" data-element_type=\"section\" data-e-type=\"section\" data-settings=\"{&quot;stretch_section&quot;:&quot;section-stretched&quot;}\">\n\t\t\t\t\t\t<div class=\"elementor-container elementor-column-gap-default\">\n\t\t\t\t\t<div class=\"elementor-column elementor-col-100 elementor-top-column elementor-element elementor-element-3d43076\" data-id=\"3d43076\" data-element_type=\"column\" data-e-type=\"column\">\n\t\t\t<div class=\"elementor-widget-wrap elementor-element-populated\">\n\t\t\t\t\t\t<div class=\"elementor-element elementor-element-b3c8c84 elementor-widget elementor-widget-onovo-project-nav-links\" data-id=\"b3c8c84\" data-element_type=\"widget\" data-e-type=\"widget\" data-widget_type=\"onovo-project-nav-links.default\">\n\t\t\t\t<div class=\"elementor-widget-container\">\n\t\t\t\t\t\n\t\t\n\t\t<!-- Section Navigation -->\n\t\t<div class=\"onovo-page-navigation\">\n\t\t\t<div class=\"onovo-page-navigation-content\">\n\t\t\t\t\t\t\t\t<a href=\"\/hu\/assistenza-linguistica\/\" class=\"page-navigation__prev\">\n\t\t\t\t\t<span class=\"onovo-prev onovo-hover-2\"><i><\/i><\/span>\n\t\t\t\t<\/a>\n\t\t\t\t\t\t\t\t\t\t\t\t\t\t\t\t<a href=\"\/hu\/digital-marketing\/\" class=\"page-navigation__next\">\n\t\t\t\t\t<span class=\"onovo-next onovo-hover-2\"><i><\/i><\/span>\n\t\t\t\t<\/a>\n\t\t\t\t\t\t\t<\/div>\n\t\t<\/div>\n\n\t\t\n\t\t\n\t\t\t\t\t\t<\/div>\n\t\t\t\t<\/div>\n\t\t\t\t\t<\/div>\n\t\t<\/div>\n\t\t\t\t\t<\/div>\n\t\t<\/section>\n\t\t\t\t<\/div>","protected":false},"excerpt":{"rendered":"<p>la tua presenza online parte dal sito web il sito web non \u00e8 solo una semplice&#8230; <br \/><a href=\"https:\/\/www.ultrawebstudio.it\/hu\/servizi\/siti-web-e-ecommerce\/\" class=\"onovo-btn onovo-hover-btn\"><span>Read more<\/span><\/a><\/p>","protected":false},"author":1,"featured_media":0,"parent":1740,"menu_order":0,"comment_status":"closed","ping_status":"closed","template":"","meta":{"footnotes":""},"class_list":["post-5892","page","type-page","status-publish","hentry"],"acf":[],"_links":{"self":[{"href":"https:\/\/www.ultrawebstudio.it\/hu\/wp-json\/wp\/v2\/pages\/5892","targetHints":{"allow":["GET"]}}],"collection":[{"href":"https:\/\/www.ultrawebstudio.it\/hu\/wp-json\/wp\/v2\/pages"}],"about":[{"href":"https:\/\/www.ultrawebstudio.it\/hu\/wp-json\/wp\/v2\/types\/page"}],"author":[{"embeddable":true,"href":"https:\/\/www.ultrawebstudio.it\/hu\/wp-json\/wp\/v2\/users\/1"}],"replies":[{"embeddable":true,"href":"https:\/\/www.ultrawebstudio.it\/hu\/wp-json\/wp\/v2\/comments?post=5892"}],"version-history":[{"count":167,"href":"https:\/\/www.ultrawebstudio.it\/hu\/wp-json\/wp\/v2\/pages\/5892\/revisions"}],"predecessor-version":[{"id":7957,"href":"https:\/\/www.ultrawebstudio.it\/hu\/wp-json\/wp\/v2\/pages\/5892\/revisions\/7957"}],"up":[{"embeddable":true,"href":"https:\/\/www.ultrawebstudio.it\/hu\/wp-json\/wp\/v2\/pages\/1740"}],"wp:attachment":[{"href":"https:\/\/www.ultrawebstudio.it\/hu\/wp-json\/wp\/v2\/media?parent=5892"}],"curies":[{"name":"wp","href":"https:\/\/api.w.org\/{rel}","templated":true}]}}