{"id":5951,"date":"2023-09-19T14:23:27","date_gmt":"2023-09-19T14:23:27","guid":{"rendered":"https:\/\/www.ultrawebstudio.it\/?page_id=5951"},"modified":"2025-05-09T11:24:00","modified_gmt":"2025-05-09T11:24:00","slug":"digital-marketing","status":"publish","type":"page","link":"https:\/\/www.ultrawebstudio.it\/hu\/servizi\/digital-marketing\/","title":{"rendered":"digit\u00e1lis marketing"},"content":{"rendered":"<div data-elementor-type=\"wp-page\" data-elementor-id=\"5951\" class=\"elementor elementor-5951\">\n\t\t\t\t\t\t<section class=\"elementor-section elementor-top-section elementor-element elementor-element-3d4e431 elementor-section-stretched elementor-section-boxed elementor-section-height-default elementor-section-height-default\" data-id=\"3d4e431\" data-element_type=\"section\" data-e-type=\"section\" data-settings=\"{&quot;stretch_section&quot;:&quot;section-stretched&quot;}\">\n\t\t\t\t\t\t<div class=\"elementor-container elementor-column-gap-default\">\n\t\t\t\t\t<div class=\"elementor-column elementor-col-50 elementor-top-column elementor-element elementor-element-f409a45\" data-id=\"f409a45\" data-element_type=\"column\" data-e-type=\"column\">\n\t\t\t<div class=\"elementor-widget-wrap elementor-element-populated\">\n\t\t\t\t\t\t<section class=\"elementor-section elementor-inner-section elementor-element elementor-element-8a9e088 elementor-section-full_width elementor-section-height-default elementor-section-height-default\" data-id=\"8a9e088\" data-element_type=\"section\" data-e-type=\"section\">\n\t\t\t\t\t\t<div class=\"elementor-container elementor-column-gap-no\">\n\t\t\t\t\t<div class=\"elementor-column elementor-col-100 elementor-inner-column elementor-element elementor-element-985dd1c\" data-id=\"985dd1c\" data-element_type=\"column\" data-e-type=\"column\">\n\t\t\t<div class=\"elementor-widget-wrap elementor-element-populated\">\n\t\t\t\t\t\t<div class=\"elementor-element elementor-element-267a606 elementor-widget elementor-widget-image\" data-id=\"267a606\" data-element_type=\"widget\" data-e-type=\"widget\" data-widget_type=\"image.default\">\n\t\t\t\t<div class=\"elementor-widget-container\">\n\t\t\t\t\t\t\t\t\t\t\t\t\t\t\t<img fetchpriority=\"high\" decoding=\"async\" width=\"1920\" height=\"1047\" src=\"https:\/\/www.ultrawebstudio.it\/wp-content\/uploads\/2023\/10\/digital-marketing-1920x1047.png\" class=\"attachment-onovo_1920xAuto size-onovo_1920xAuto wp-image-7588\" alt=\"\" srcset=\"https:\/\/www.ultrawebstudio.it\/wp-content\/uploads\/2023\/10\/digital-marketing-1920x1047.png 1920w, https:\/\/www.ultrawebstudio.it\/wp-content\/uploads\/2023\/10\/digital-marketing-300x164.png 300w, https:\/\/www.ultrawebstudio.it\/wp-content\/uploads\/2023\/10\/digital-marketing-1024x559.png 1024w, https:\/\/www.ultrawebstudio.it\/wp-content\/uploads\/2023\/10\/digital-marketing-768x419.png 768w, https:\/\/www.ultrawebstudio.it\/wp-content\/uploads\/2023\/10\/digital-marketing-1536x838.png 1536w, https:\/\/www.ultrawebstudio.it\/wp-content\/uploads\/2023\/10\/digital-marketing-2048x1117.png 2048w, https:\/\/www.ultrawebstudio.it\/wp-content\/uploads\/2023\/10\/digital-marketing-200x109.png 200w, https:\/\/www.ultrawebstudio.it\/wp-content\/uploads\/2023\/10\/digital-marketing-400x218.png 400w, https:\/\/www.ultrawebstudio.it\/wp-content\/uploads\/2023\/10\/digital-marketing-800x436.png 800w, https:\/\/www.ultrawebstudio.it\/wp-content\/uploads\/2023\/10\/digital-marketing-1000x545.png 1000w, https:\/\/www.ultrawebstudio.it\/wp-content\/uploads\/2023\/10\/digital-marketing-1200x655.png 1200w\" sizes=\"(max-width: 1920px) 100vw, 1920px\" \/>\t\t\t\t\t\t\t\t\t\t\t\t\t\t\t<\/div>\n\t\t\t\t<\/div>\n\t\t\t\t\t<\/div>\n\t\t<\/div>\n\t\t\t\t\t<\/div>\n\t\t<\/section>\n\t\t\t\t<div class=\"elementor-element elementor-element-ded2428 elementor-invisible elementor-widget elementor-widget-heading\" data-id=\"ded2428\" data-element_type=\"widget\" data-e-type=\"widget\" data-settings=\"{&quot;_animation&quot;:&quot;fadeInRight&quot;}\" data-widget_type=\"heading.default\">\n\t\t\t\t<div class=\"elementor-widget-container\">\n\t\t\t\t\t<h2 class=\"elementor-heading-title elementor-size-default\">akn\u00e1zd ki a k\u00f6z\u00f6ss\u00e9gi m\u00e9dia val\u00f3s \u00fczleti potenci\u00e1lj\u00e1t<\/h2>\t\t\t\t<\/div>\n\t\t\t\t<\/div>\n\t\t\t\t<div class=\"elementor-element elementor-element-6bb4d8e elementor-widget elementor-widget-text-editor\" data-id=\"6bb4d8e\" data-element_type=\"widget\" data-e-type=\"widget\" data-widget_type=\"text-editor.default\">\n\t\t\t\t<div class=\"elementor-widget-container\">\n\t\t\t\t\t\t\t\t\t<p class=\"translation-block\">egy dolog tudni az online t\u00e9r adta lehet\u0151s\u00e9gekr\u0151l, \u00e9s egy m\u00e1sik dolog azokat \u00fcgyesen ki is haszn\u00e1lni. Seg\u00edt\u00fcnk beazonos\u00edtani a mik\u00e9nt \u00e9s hogyanokat: k\u00f6z\u00f6sen kialak\u00edtjuk a kommunik\u00e1ci\u00f3s st\u00edlusodat, megmutatjuk a platformokat, melyeken \u00e9rdemes megjelenned, hiszen ott \u201crejt\u0151zk\u00f6dik\u201d a c\u00e9lk\u00f6z\u00f6ns\u00e9ged, majd relev\u00e1ns tartalommal &amp; digit\u00e1lis marketing fog\u00e1sokkal l\u00e1tjuk el l\u00e9trej\u00f6tt profiljaidat!<\/p>\t\t\t\t\t\t\t\t<\/div>\n\t\t\t\t<\/div>\n\t\t\t\t<section class=\"elementor-section elementor-inner-section elementor-element elementor-element-d10ac13 elementor-section-full_width elementor-section-height-default elementor-section-height-default\" data-id=\"d10ac13\" data-element_type=\"section\" data-e-type=\"section\">\n\t\t\t\t\t\t<div class=\"elementor-container elementor-column-gap-no\">\n\t\t\t\t\t<div class=\"elementor-column elementor-col-100 elementor-inner-column elementor-element elementor-element-2417653\" data-id=\"2417653\" data-element_type=\"column\" data-e-type=\"column\">\n\t\t\t<div class=\"elementor-widget-wrap elementor-element-populated\">\n\t\t\t\t\t\t<div class=\"elementor-element elementor-element-bbd228e elementor-widget elementor-widget-onovo-faq\" data-id=\"bbd228e\" data-element_type=\"widget\" data-e-type=\"widget\" data-widget_type=\"onovo-faq.default\">\n\t\t\t\t<div class=\"elementor-widget-container\">\n\t\t\t\t\t\t\t\n\t\t\t\t<div class=\"onovo-faq-items\">\n\t\t\t\t\t\t<div class=\"onovo-faq-item onovo-collapse-item\">\n\t\t\t\t\t\t\t\t<h5 class=\"title onovo-collapse-btn\">\n\t\t\t\t\t<span >\n\t\t\t\t\t\tonline strat\u00e9gia\t\t\t\t\t<\/span>\n\t\t\t\t\t<i class=\"arrow\"><\/i>\n\t\t\t\t<\/h5>\n\t\t\t\t\t\t\t\t\t\t\t\t<div class=\"onovo-text\" style=\"display: none;\">\n\t\t\t\t\t<div >\n\t\t\t\t\t\t<p class=\"translation-block\">tulajdonk\u00e9ppen a <strong>nulladik l\u00e9p\u00e9s<\/strong>, melyben a megval\u00f3s\u00edtand\u00f3 <strong>\u00fczleti c\u00e9lok<\/strong> meghat\u00e1roz\u00e1s\u00e1t, illetve azoknak el\u00e9r\u00e9s\u00e9hez <strong>megfelel\u0151 digit\u00e1lis csatorn\u00e1k<\/strong> kiv\u00e1laszt\u00e1s\u00e1t jel\u00f6lj\u00fck ki.<\/p>\t\t\t\t\t<\/div>\n\t\t\t\t<\/div>\n\t\t\t\t\t\t\t<\/div>\n\t\t\t\t\t\t<div class=\"onovo-faq-item onovo-collapse-item\">\n\t\t\t\t\t\t\t\t<h5 class=\"title onovo-collapse-btn\">\n\t\t\t\t\t<span >\n\t\t\t\t\t\tk\u00f6z\u00f6ss\u00e9gi m\u00e9dia marketing\t\t\t\t\t<\/span>\n\t\t\t\t\t<i class=\"arrow\"><\/i>\n\t\t\t\t<\/h5>\n\t\t\t\t\t\t\t\t\t\t\t\t<div class=\"onovo-text\" style=\"display: none;\">\n\t\t\t\t\t<div >\n\t\t\t\t\t\t<p class=\"translation-block\">azonos\u00edtjuk a v\u00e1llalkoz\u00e1si t\u00edpusodhoz illeszked\u0151 <strong>k\u00f6z\u00f6ss\u00e9gi m\u00e9dia platformokat<\/strong>, \u00e9s <strong>dedik\u00e1lt tartalmak<\/strong> folyamatos l\u00e9trehoz\u00e1s\u00e1val k\u00f6zelebb hozzuk <strong>potenci\u00e1lis v\u00e1s\u00e1rl\u00f3i k\u00f6r\u00f6det<\/strong> a m\u00e1rk\u00e1dhoz.<\/p>\t\t\t\t\t<\/div>\n\t\t\t\t<\/div>\n\t\t\t\t\t\t\t<\/div>\n\t\t\t\t\t\t<div class=\"onovo-faq-item onovo-collapse-item\">\n\t\t\t\t\t\t\t\t<h5 class=\"title onovo-collapse-btn\">\n\t\t\t\t\t<span >\n\t\t\t\t\t\thirdet\u00e9sek\t\t\t\t\t<\/span>\n\t\t\t\t\t<i class=\"arrow\"><\/i>\n\t\t\t\t<\/h5>\n\t\t\t\t\t\t\t\t\t\t\t\t<div class=\"onovo-text\" style=\"display: none;\">\n\t\t\t\t\t<div >\n\t\t\t\t\t\t<p class=\"translation-block\">miut\u00e1n lefektett\u00fck az alapokat, lehet\u0151s\u00e9g ad\u00f3dik szintet l\u00e9pni: <strong>fizetett k\u00f6z\u00f6ss\u00e9gi m\u00e9dia kamp\u00e1nyainkkal t\u0171pontos el\u00e9r\u00e9st<\/strong>, \u00e9s biztos <strong>n\u00e9pszer\u0171s\u00e9g &amp; bev\u00e9tel n\u00f6veked\u00e9st<\/strong> tudunk gener\u00e1lni v\u00e1llalkoz\u00e1sod sz\u00e1m\u00e1ra.<\/p>\t\t\t\t\t<\/div>\n\t\t\t\t<\/div>\n\t\t\t\t\t\t\t<\/div>\n\t\t\t\t\t\t<div class=\"onovo-faq-item onovo-collapse-item\">\n\t\t\t\t\t\t\t\t<h5 class=\"title onovo-collapse-btn\">\n\t\t\t\t\t<span >\n\t\t\t\t\t\tgoogle ads\t\t\t\t\t<\/span>\n\t\t\t\t\t<i class=\"arrow\"><\/i>\n\t\t\t\t<\/h5>\n\t\t\t\t\t\t\t\t\t\t\t\t<div class=\"onovo-text\" style=\"display: none;\">\n\t\t\t\t\t<div >\n\t\t\t\t\t\t<p class=\"translation-block\">a fel\u00fclet gyakran az els\u0151 \u00e9rintkez\u00e9si pont egy felhaszn\u00e1l\u00f3 \u00e9s a m\u00e1rk\u00e1d k\u00f6z\u00f6tt: ez\u00e9rt tervez\u00fcnk \u00e9s optimaliz\u00e1lunk hat\u00e9kony Google Ads kamp\u00e1nyokat, amelyek c\u00e9lja a <strong>tudatos kereslet<\/strong> megragad\u00e1sa \u00e9s <strong>min\u0151s\u00e9gi forgalom<\/strong> ir\u00e1ny\u00edt\u00e1sa a weboldaladra vagy web\u00e1ruh\u00e1zadba.<\/p>\t\t\t\t\t<\/div>\n\t\t\t\t<\/div>\n\t\t\t\t\t\t\t<\/div>\n\t\t\t\t\t\t<div class=\"onovo-faq-item onovo-collapse-item\">\n\t\t\t\t\t\t\t\t<h5 class=\"title onovo-collapse-btn\">\n\t\t\t\t\t<span >\n\t\t\t\t\t\te-mail marketing\t\t\t\t\t<\/span>\n\t\t\t\t\t<i class=\"arrow\"><\/i>\n\t\t\t\t<\/h5>\n\t\t\t\t\t\t\t\t\t\t\t\t<div class=\"onovo-text\" style=\"display: none;\">\n\t\t\t\t\t<div >\n\t\t\t\t\t\t<p class=\"translation-block\">megl\u00e9v\u0151 <strong>adatb\u00e1zisod<\/strong> felhaszn\u00e1l\u00e1s\u00e1val olyan kamp\u00e1nyok l\u00e9trehoz\u00e1s\u00e1ra ad\u00f3dik lehet\u0151s\u00e9g, melynek seg\u00edts\u00e9g\u00e9vel <strong>elk\u00f6telezett\u00e9 tessz\u00fck r\u00e9gi \u00e9s \u00faj v\u00e1s\u00e1rl\u00f3idat<\/strong>: \u00e9rt\u00e9kes tartalmakkal &amp; aj\u00e1nlatokkal, illetve strat\u00e9giai inform\u00e1ci\u00f3kkal vonzzuk be \u0151ket.<\/p>\t\t\t\t\t<\/div>\n\t\t\t\t<\/div>\n\t\t\t\t\t\t\t<\/div>\n\t\t\t\t\t\t<div class=\"onovo-faq-item onovo-collapse-item\">\n\t\t\t\t\t\t\t\t<h5 class=\"title onovo-collapse-btn\">\n\t\t\t\t\t<span >\n\t\t\t\t\t\tmarketing automation\t\t\t\t\t<\/span>\n\t\t\t\t\t<i class=\"arrow\"><\/i>\n\t\t\t\t<\/h5>\n\t\t\t\t\t\t\t\t\t\t\t\t<div class=\"onovo-text\" style=\"display: none;\">\n\t\t\t\t\t<div >\n\t\t\t\t\t\t<p class=\"translation-block\">bizonyos folyamatok automatiz\u00e1l\u00e1sa alapvet\u0151 r\u00e9sze a hat\u00e9kony digit\u00e1lis strat\u00e9gi\u00e1nak: a marketing automatiz\u00e1l\u00e1snak k\u00f6sz\u00f6nhet\u0151en <strong>intelligens munkafolyamatokat<\/strong> hozunk l\u00e9tre, amelyek automatikusan \u00e9s <strong>szem\u00e9lyre szabott<\/strong> m\u00f3don kezelik a leadeket, az e-maileket \u00e9s a nyomon k\u00f6vet\u00e9st.<\/p><p class=\"translation-block\">ez a megk\u00f6zel\u00edt\u00e9s lehet\u0151v\u00e9 teszi az <strong>id\u0151megtakar\u00edt\u00e1st, cs\u00f6kkenti a m\u0171k\u00f6d\u00e9si hib\u00e1kat<\/strong>, \u00e9s jelent\u0151sen <strong>jav\u00edtja a kamp\u00e1nyok teljes\u00edtm\u00e9ny\u00e9t<\/strong>, n\u00f6velve az online jelenl\u00e9t \u00e1ltal\u00e1nos hat\u00e9konys\u00e1g\u00e1t.<\/p>\t\t\t\t\t<\/div>\n\t\t\t\t<\/div>\n\t\t\t\t\t\t\t<\/div>\n\t\t\t\t\t\t<div class=\"onovo-faq-item onovo-collapse-item\">\n\t\t\t\t\t\t\t\t<h5 class=\"title onovo-collapse-btn\">\n\t\t\t\t\t<span >\n\t\t\t\t\t\ttartalommarketing\t\t\t\t\t<\/span>\n\t\t\t\t\t<i class=\"arrow\"><\/i>\n\t\t\t\t<\/h5>\n\t\t\t\t\t\t\t\t\t\t\t\t<div class=\"onovo-text\" style=\"display: none;\">\n\t\t\t\t\t<div >\n\t\t\t\t\t\t<p class=\"translation-block\">alaposan felt\u00e9rk\u00e9pezz\u00fck <strong>versenyt\u00e1rsaidat<\/strong>, majd k\u00f6z\u00f6ss\u00e9gi m\u00e9dia <strong>monitoroz\u00e1si eszk\u00f6zeinket<\/strong> felhaszn\u00e1lva zsebelj\u00fck be a m\u00e1rk\u00e1dr\u00f3l kialakult v\u00e9lem\u00e9nyeket, \u00e9s <strong>defini\u00e1ljuk potenci\u00e1lis k\u00f6z\u00f6ns\u00e9gedet<\/strong>. \u00cdgy konkr\u00e9tabb tartalmat &amp; hirdet\u00e9si menetrendet tudunk \u00f6ssze\u00e1ll\u00edtani v\u00e1s\u00e1rl\u00f3id sz\u00e1m\u00e1ra.<\/p>\t\t\t\t\t<\/div>\n\t\t\t\t<\/div>\n\t\t\t\t\t\t\t<\/div>\n\t\t\t\t\t\t<div class=\"onovo-faq-item onovo-collapse-item\">\n\t\t\t\t\t\t\t\t<h5 class=\"title onovo-collapse-btn\">\n\t\t\t\t\t<span >\n\t\t\t\t\t\tchatbot marketing\t\t\t\t\t<\/span>\n\t\t\t\t\t<i class=\"arrow\"><\/i>\n\t\t\t\t<\/h5>\n\t\t\t\t\t\t\t\t\t\t\t\t<div class=\"onovo-text\" style=\"display: none;\">\n\t\t\t\t\t<div >\n\t\t\t\t\t\t<p class=\"translation-block\">forradalmas\u00edtsd v\u00e1llalkoz\u00e1sod \u00fcgyf\u00e9lkapcsolatait <strong>intelligens chatbot megold\u00e1sainkkal!<\/strong> minden interakci\u00f3 sz\u00e1m\u00edt, k\u00fcl\u00f6n\u00f6sen ha a megfelel\u0151 pillanatban t\u00f6rt\u00e9nik: intelligens besz\u00e9lget\u0151 chatbotokat fejleszt\u00fcnk, amelyek k\u00e9pesek vezetni a felhaszn\u00e1l\u00f3t, val\u00f3s id\u0151ben v\u00e1laszolni, leadeket gy\u0171jteni \u00e9s n\u00f6velni a konverzi\u00f3kat.<\/p><p class=\"translation-block\"><strong>automatiz\u00e1ljuk a kommunik\u00e1ci\u00f3t<\/strong> WhatsAppon, Messengeren, weboldaladon \u00e9s egy\u00e9b csatorn\u00e1kon strat\u00e9giai \u00e9s val\u00f3ban <strong>szem\u00e9lyre szabott p\u00e1rbesz\u00e9dek<\/strong> r\u00e9v\u00e9n. a leg\u00fajabb \u00e9s legn\u00edv\u00f3sabb toolokat haszn\u00e1ljuk a fejleszt\u00e9shez, \u00e9ppen ez\u00e9rt: chatbotjaink nem csak automatiz\u00e1lnak \u2013 \u00c9RT\u00c9KES\u00cdTENEK!<\/p>\t\t\t\t\t<\/div>\n\t\t\t\t<\/div>\n\t\t\t\t\t\t\t<\/div>\n\t\t\t\t\t\t<div class=\"onovo-faq-item onovo-collapse-item\">\n\t\t\t\t\t\t\t\t<h5 class=\"title onovo-collapse-btn\">\n\t\t\t\t\t<span >\n\t\t\t\t\t\tm\u00e9rhet\u0151 eredm\u00e9nyek\t\t\t\t\t<\/span>\n\t\t\t\t\t<i class=\"arrow\"><\/i>\n\t\t\t\t<\/h5>\n\t\t\t\t\t\t\t\t\t\t\t\t<div class=\"onovo-text\" style=\"display: none;\">\n\t\t\t\t\t<div >\n\t\t\t\t\t\t<p class=\"translation-block\">az <strong>el\u00e9r\u00e9si adatok elemz\u00e9se<\/strong> r\u00e9v\u00e9n k\u00e9pesek vagyunk meghat\u00e1rozni, hogy milyen ir\u00e1nyba halad a <b>v\u00e1llalkoz\u00e1sod fejl\u0151d\u00e9se<\/b>, illetve az el\u0151z\u0151ekben meghat\u00e1rozott c\u00e9ljaid teljes\u00edt\u00e9se. Folyamatosan figyelemmel k\u00eds\u00e9rj\u00fck a fontos <b>m\u00e9r\u0151sz\u00e1mokat<\/b> (KPI-k), hogy maximaliz\u00e1ljuk az eredm\u00e9nyeket.<\/p>\t\t\t\t\t<\/div>\n\t\t\t\t<\/div>\n\t\t\t\t\t\t\t<\/div>\n\t\t\t\t\t\t<div class=\"onovo-faq-item onovo-collapse-item\">\n\t\t\t\t\t\t\t\t<h5 class=\"title onovo-collapse-btn\">\n\t\t\t\t\t<span >\n\t\t\t\t\t\tAI\t\t\t\t\t<\/span>\n\t\t\t\t\t<i class=\"arrow\"><\/i>\n\t\t\t\t<\/h5>\n\t\t\t\t\t\t\t\t\t\t\t\t<div class=\"onovo-text\" style=\"display: none;\">\n\t\t\t\t\t<div >\n\t\t\t\t\t\t<p class=\"translation-block\">hatalmas t\u00e1mogat\u00f3i potenci\u00e1lja van, ami egyre csak fejl\u0151dik: mi pedig vele egy\u00fctt. mesters\u00e9ges intelligenci\u00e1n alapul\u00f3 megold\u00e1sokat integr\u00e1lunk az adatalap\u00fa \u00e9s piaci elemz\u00e9sek, tartalmak, <b>kamp\u00e1nyok \u00e9s \u00fcgyf\u00e9l\u00e9lm\u00e9ny optimaliz\u00e1l\u00e1sa<\/b> \u00e9rdek\u00e9ben.<\/p><p class=\"translation-block\">a meggy\u0151z\u0151 sz\u00f6vegek dinamikus gener\u00e1l\u00e1s\u00e1t\u00f3l kezdve az adatok predikt\u00edv elemz\u00e9s\u00e9n \u00e1t a strat\u00e9gi\u00e1k szem\u00e9lyre szab\u00e1s\u00e1ig, az <b>AI a marketing teljes\u00edtm\u00e9ny val\u00f3di kataliz\u00e1tor\u00e1v\u00e1 v\u00e1lik<\/b>. az AI nem helyettes\u00edti az emberi kreativit\u00e1st \u2013 FELER\u0150S\u00cdTI azt, \u00e9s <b>t\u00f6bb perspekt\u00edv\u00e1t mutat meg bizonyos munkaf\u00e1zisokban.<\/b><\/p>\t\t\t\t\t<\/div>\n\t\t\t\t<\/div>\n\t\t\t\t\t\t\t<\/div>\n\t\t\t\t\t\t<div class=\"onovo-faq-item onovo-collapse-item\">\n\t\t\t\t\t\t\t\t<h5 class=\"title onovo-collapse-btn\">\n\t\t\t\t\t<span >\n\t\t\t\t\t\treput\u00e1ci\u00f3 menedzsment\t\t\t\t\t<\/span>\n\t\t\t\t\t<i class=\"arrow\"><\/i>\n\t\t\t\t<\/h5>\n\t\t\t\t\t\t\t\t\t\t\t\t<div class=\"onovo-text\" style=\"display: none;\">\n\t\t\t\t\t<div >\n\t\t\t\t\t\t<p class=\"translation-block\">meghallgatjuk k\u00f6z\u00f6ss\u00e9ged ig\u00e9nyeit, \u00e9s m\u00e1rk\u00e1d <b>nagyk\u00f6vet\u00e9v\u00e9<\/b> v\u00e1lunk: <b>reag\u00e1lunk<\/b> a felmer\u00fcl\u0151 k\u00e9rd\u00e9sekre, szolg\u00e1ltat\u00e1saidr\u00f3l \u00edrt \u00e9rt\u00e9kel\u00e9sekre, \u00e9s be\u00e9p\u00edtj\u00fck platformjaidra a <b>professzion\u00e1lis kommunik\u00e1ci\u00f3s csatorn\u00e1kat.<\/b><\/p>\t\t\t\t\t<\/div>\n\t\t\t\t<\/div>\n\t\t\t\t\t\t\t<\/div>\n\t\t\t\t\t<\/div>\n\t\t\n\t\t\t\t\t\t<\/div>\n\t\t\t\t<\/div>\n\t\t\t\t<div class=\"elementor-element elementor-element-fb9cbbb elementor-widget elementor-widget-spacer\" data-id=\"fb9cbbb\" data-element_type=\"widget\" data-e-type=\"widget\" data-widget_type=\"spacer.default\">\n\t\t\t\t<div class=\"elementor-widget-container\">\n\t\t\t\t\t\t\t<div class=\"elementor-spacer\">\n\t\t\t<div class=\"elementor-spacer-inner\"><\/div>\n\t\t<\/div>\n\t\t\t\t\t\t<\/div>\n\t\t\t\t<\/div>\n\t\t\t\t\t<\/div>\n\t\t<\/div>\n\t\t\t\t\t<\/div>\n\t\t<\/section>\n\t\t\t\t\t<\/div>\n\t\t<\/div>\n\t\t\t\t<div class=\"elementor-column elementor-col-50 elementor-top-column elementor-element elementor-element-c7dde77\" data-id=\"c7dde77\" data-element_type=\"column\" data-e-type=\"column\" data-settings=\"{&quot;background_background&quot;:&quot;classic&quot;}\">\n\t\t\t<div class=\"elementor-widget-wrap elementor-element-populated\">\n\t\t\t\t\t\t<div class=\"elementor-element elementor-element-6508700 elementor-widget elementor-widget-onovo-services\" data-id=\"6508700\" data-element_type=\"widget\" data-e-type=\"widget\" data-widget_type=\"onovo-services.default\">\n\t\t\t\t<div class=\"elementor-widget-container\">\n\t\t\t\t\t\n\t\t<div class=\"onovo-service-item onovo-service-no-icon\">\n\t\t\t\t\t\t\t\t\t<div class=\"onovo-service-item-inner onovo-hover-3 onovo-hover-black\">\n\t\t\t\t\t\t\t\t<h5 class=\"title\">\n\t\t\t\t\t<a href=\"https:\/\/www.ultrawebstudio.it\/hu\/servizi\/\">\n\t\t\t\t\t\t<span  data-splitting data-onovo-scroll>\n\t\t\t\t\t\t\tszolg\u00e1ltat\u00e1saink\t\t\t\t\t\t<\/span>\n\t\t\t\t\t<\/a>\n\t\t\t\t<\/h5>\n\t\t\t\t\t\t\t\t\t\t\t\t<div class=\"list\">\n\t\t\t\t\t<ul>\n\t\t\t\t\t\t\t\t\t\t\t\t<li>\n\t\t\t\t\t\t\t\t\t\t\t\t\t\t<a class=\"onovo-lnk\" href=\"https:\/\/www.ultrawebstudio.it\/hu\/servizi\/siti-web-e-ecommerce\/\">\n\t\t\t\t\t\t\t\t<span  data-splitting data-onovo-scroll>\n\t\t\t\t\t\t\t\t\t<a href=\"https:\/\/www.ultrawebstudio.it\/hu\/servizi\/siti-web-e-ecommerce\/\">website &amp; webshop<\/a> \t\t\t\t\t\t\t\t<\/span>\n\t\t\t\t\t\t\t<\/a>\n\t\t\t\t\t\t\t\t\t\t\t\t\t<\/li>\n\t\t\t\t\t\t\t\t\t\t\t\t<li class=\"translation-block\"><a href=\"https:\/\/www.ultrawebstudio.it\/hu\/servizi\/grafica-e-web-design\/\">grafika &amp; <br> webdiz\u00e1jn<\/a><\/li>\n\t\t\t\t\t\t\t\t\t\t\t\t<li class=\"translation-block\"><a href=\"https:\/\/www.ultrawebstudio.it\/hu\/servizi\/assistenza-linguistica\/\">ford\u00edt\u00e1s<\/a><\/li>\n\t\t\t\t\t\t\t\t\t\t\t<\/ul>\n\t\t\t\t<\/div>\n\t\t\t\t\t\t\t<\/div>\n\t\t<\/div>\n\n\t\t\t\t\t<\/div>\n\t\t\t\t<\/div>\n\t\t\t\t<section class=\"elementor-section elementor-inner-section elementor-element elementor-element-c923409 elementor-section-full_width elementor-section-height-default elementor-section-height-default\" data-id=\"c923409\" data-element_type=\"section\" data-e-type=\"section\" data-settings=\"{&quot;background_background&quot;:&quot;classic&quot;}\">\n\t\t\t\t\t\t<div class=\"elementor-container elementor-column-gap-no\">\n\t\t\t\t\t<div class=\"elementor-column elementor-col-100 elementor-inner-column elementor-element elementor-element-cdd68c8\" data-id=\"cdd68c8\" data-element_type=\"column\" data-e-type=\"column\">\n\t\t\t<div class=\"elementor-widget-wrap elementor-element-populated\">\n\t\t\t\t\t\t<div class=\"elementor-element elementor-element-05e1e40 elementor-widget elementor-widget-heading\" data-id=\"05e1e40\" data-element_type=\"widget\" data-e-type=\"widget\" data-widget_type=\"heading.default\">\n\t\t\t\t<div class=\"elementor-widget-container\">\n\t\t\t\t\t<h5 class=\"elementor-heading-title elementor-size-default\">szeretn\u00e9d profi m\u00f3don b\u0151v\u00edteni v\u00e1s\u00e1rl\u00f3i k\u00f6r\u00f6det?<\/h5>\t\t\t\t<\/div>\n\t\t\t\t<\/div>\n\t\t\t\t<div class=\"elementor-element elementor-element-781ca56 elementor-widget elementor-widget-onovo-button\" data-id=\"781ca56\" data-element_type=\"widget\" data-e-type=\"widget\" data-widget_type=\"onovo-button.default\">\n\t\t\t\t<div class=\"elementor-widget-container\">\n\t\t\t\t\t\n\t\t\t\t<!-- Button -->\n\t\t<a class=\"onovo-btn onovo-hover-btn\" href=\"\/hu\/contattaci\/\">\n    \t\t<i class=\"arrow\"><span><\/span><\/i>\t\t\t\t\t\t<span >\n\t\t\t\tkapcsolat\t\t\t<\/span>\n    \t<\/a>\n\t\t\n\t\t\t\t\t\t<\/div>\n\t\t\t\t<\/div>\n\t\t\t\t\t<\/div>\n\t\t<\/div>\n\t\t\t\t\t<\/div>\n\t\t<\/section>\n\t\t\t\t\t<\/div>\n\t\t<\/div>\n\t\t\t\t\t<\/div>\n\t\t<\/section>\n\t\t\t\t<section class=\"elementor-section elementor-top-section elementor-element elementor-element-d112653 elementor-section-stretched elementor-section-boxed elementor-section-height-default elementor-section-height-default\" data-id=\"d112653\" data-element_type=\"section\" data-e-type=\"section\" data-settings=\"{&quot;stretch_section&quot;:&quot;section-stretched&quot;}\">\n\t\t\t\t\t\t<div class=\"elementor-container elementor-column-gap-default\">\n\t\t\t\t\t<div class=\"elementor-column elementor-col-100 elementor-top-column elementor-element elementor-element-322cdc6\" data-id=\"322cdc6\" data-element_type=\"column\" data-e-type=\"column\">\n\t\t\t<div class=\"elementor-widget-wrap elementor-element-populated\">\n\t\t\t\t\t\t<div class=\"elementor-element elementor-element-d58eb68 elementor-widget elementor-widget-onovo-project-nav-links\" data-id=\"d58eb68\" data-element_type=\"widget\" data-e-type=\"widget\" data-widget_type=\"onovo-project-nav-links.default\">\n\t\t\t\t<div class=\"elementor-widget-container\">\n\t\t\t\t\t\n\t\t\n\t\t<!-- Section Navigation -->\n\t\t<div class=\"onovo-page-navigation\">\n\t\t\t<div class=\"onovo-page-navigation-content\">\n\t\t\t\t\t\t\t\t<a href=\"\/hu\/siti-web-e-ecommerce\/\" class=\"page-navigation__prev\">\n\t\t\t\t\t<span class=\"onovo-prev onovo-hover-2\"><i><\/i><\/span>\n\t\t\t\t<\/a>\n\t\t\t\t\t\t\t\t\t\t\t\t\t\t\t\t<a href=\"\/hu\/grafica-e-web-design\/\" class=\"page-navigation__next\">\n\t\t\t\t\t<span class=\"onovo-next onovo-hover-2\"><i><\/i><\/span>\n\t\t\t\t<\/a>\n\t\t\t\t\t\t\t<\/div>\n\t\t<\/div>\n\n\t\t\n\t\t\n\t\t\t\t\t\t<\/div>\n\t\t\t\t<\/div>\n\t\t\t\t\t<\/div>\n\t\t<\/div>\n\t\t\t\t\t<\/div>\n\t\t<\/section>\n\t\t\t\t<\/div>","protected":false},"excerpt":{"rendered":"<p>il mix perfetto per la valorizzazione online del tuo business raggiungi il tuo target di riferimento&#8230; <br \/><a href=\"https:\/\/www.ultrawebstudio.it\/hu\/servizi\/digital-marketing\/\" class=\"onovo-btn onovo-hover-btn\"><span>Read more<\/span><\/a><\/p>","protected":false},"author":1,"featured_media":0,"parent":1740,"menu_order":0,"comment_status":"closed","ping_status":"closed","template":"","meta":{"footnotes":""},"class_list":["post-5951","page","type-page","status-publish","hentry"],"acf":[],"_links":{"self":[{"href":"https:\/\/www.ultrawebstudio.it\/hu\/wp-json\/wp\/v2\/pages\/5951","targetHints":{"allow":["GET"]}}],"collection":[{"href":"https:\/\/www.ultrawebstudio.it\/hu\/wp-json\/wp\/v2\/pages"}],"about":[{"href":"https:\/\/www.ultrawebstudio.it\/hu\/wp-json\/wp\/v2\/types\/page"}],"author":[{"embeddable":true,"href":"https:\/\/www.ultrawebstudio.it\/hu\/wp-json\/wp\/v2\/users\/1"}],"replies":[{"embeddable":true,"href":"https:\/\/www.ultrawebstudio.it\/hu\/wp-json\/wp\/v2\/comments?post=5951"}],"version-history":[{"count":151,"href":"https:\/\/www.ultrawebstudio.it\/hu\/wp-json\/wp\/v2\/pages\/5951\/revisions"}],"predecessor-version":[{"id":9010,"href":"https:\/\/www.ultrawebstudio.it\/hu\/wp-json\/wp\/v2\/pages\/5951\/revisions\/9010"}],"up":[{"embeddable":true,"href":"https:\/\/www.ultrawebstudio.it\/hu\/wp-json\/wp\/v2\/pages\/1740"}],"wp:attachment":[{"href":"https:\/\/www.ultrawebstudio.it\/hu\/wp-json\/wp\/v2\/media?parent=5951"}],"curies":[{"name":"wp","href":"https:\/\/api.w.org\/{rel}","templated":true}]}}