{"id":5975,"date":"2023-09-19T14:50:38","date_gmt":"2023-09-19T14:50:38","guid":{"rendered":"https:\/\/www.ultrawebstudio.it\/?page_id=5975"},"modified":"2023-10-28T15:30:32","modified_gmt":"2023-10-28T15:30:32","slug":"grafica-e-web-design","status":"publish","type":"page","link":"https:\/\/www.ultrawebstudio.it\/hu\/servizi\/grafica-e-web-design\/","title":{"rendered":"grafica &#038; web design"},"content":{"rendered":"<div data-elementor-type=\"wp-page\" data-elementor-id=\"5975\" class=\"elementor elementor-5975\">\n\t\t\t\t\t\t<section class=\"elementor-section elementor-top-section elementor-element elementor-element-9e96def elementor-section-stretched elementor-section-boxed elementor-section-height-default elementor-section-height-default\" data-id=\"9e96def\" data-element_type=\"section\" data-e-type=\"section\" data-settings=\"{&quot;stretch_section&quot;:&quot;section-stretched&quot;}\">\n\t\t\t\t\t\t<div class=\"elementor-container elementor-column-gap-default\">\n\t\t\t\t\t<div class=\"elementor-column elementor-col-50 elementor-top-column elementor-element elementor-element-1b95f77\" data-id=\"1b95f77\" data-element_type=\"column\" data-e-type=\"column\">\n\t\t\t<div class=\"elementor-widget-wrap elementor-element-populated\">\n\t\t\t\t\t\t<section class=\"elementor-section elementor-inner-section elementor-element elementor-element-563e39a elementor-section-full_width elementor-section-height-default elementor-section-height-default\" data-id=\"563e39a\" data-element_type=\"section\" data-e-type=\"section\">\n\t\t\t\t\t\t<div class=\"elementor-container elementor-column-gap-no\">\n\t\t\t\t\t<div class=\"elementor-column elementor-col-100 elementor-inner-column elementor-element elementor-element-81982b9\" data-id=\"81982b9\" data-element_type=\"column\" data-e-type=\"column\">\n\t\t\t<div class=\"elementor-widget-wrap elementor-element-populated\">\n\t\t\t\t\t\t<div class=\"elementor-element elementor-element-b6bb5ec elementor-widget elementor-widget-image\" data-id=\"b6bb5ec\" data-element_type=\"widget\" data-e-type=\"widget\" data-widget_type=\"image.default\">\n\t\t\t\t<div class=\"elementor-widget-container\">\n\t\t\t\t\t\t\t\t\t\t\t\t\t\t\t<img fetchpriority=\"high\" decoding=\"async\" width=\"1920\" height=\"1047\" src=\"https:\/\/www.ultrawebstudio.it\/wp-content\/uploads\/2023\/10\/grafica-2-1920x1047.png\" class=\"attachment-onovo_1920xAuto size-onovo_1920xAuto wp-image-7591\" alt=\"\" srcset=\"https:\/\/www.ultrawebstudio.it\/wp-content\/uploads\/2023\/10\/grafica-2-1920x1047.png 1920w, https:\/\/www.ultrawebstudio.it\/wp-content\/uploads\/2023\/10\/grafica-2-300x164.png 300w, https:\/\/www.ultrawebstudio.it\/wp-content\/uploads\/2023\/10\/grafica-2-1024x559.png 1024w, https:\/\/www.ultrawebstudio.it\/wp-content\/uploads\/2023\/10\/grafica-2-768x419.png 768w, https:\/\/www.ultrawebstudio.it\/wp-content\/uploads\/2023\/10\/grafica-2-1536x838.png 1536w, https:\/\/www.ultrawebstudio.it\/wp-content\/uploads\/2023\/10\/grafica-2-2048x1117.png 2048w, https:\/\/www.ultrawebstudio.it\/wp-content\/uploads\/2023\/10\/grafica-2-200x109.png 200w, https:\/\/www.ultrawebstudio.it\/wp-content\/uploads\/2023\/10\/grafica-2-400x218.png 400w, https:\/\/www.ultrawebstudio.it\/wp-content\/uploads\/2023\/10\/grafica-2-800x436.png 800w, https:\/\/www.ultrawebstudio.it\/wp-content\/uploads\/2023\/10\/grafica-2-1000x545.png 1000w, https:\/\/www.ultrawebstudio.it\/wp-content\/uploads\/2023\/10\/grafica-2-1200x655.png 1200w\" sizes=\"(max-width: 1920px) 100vw, 1920px\" \/>\t\t\t\t\t\t\t\t\t\t\t\t\t\t\t<\/div>\n\t\t\t\t<\/div>\n\t\t\t\t\t<\/div>\n\t\t<\/div>\n\t\t\t\t\t<\/div>\n\t\t<\/section>\n\t\t\t\t<section class=\"elementor-section elementor-inner-section elementor-element elementor-element-27e3182 elementor-section-full_width elementor-section-height-default elementor-section-height-default\" data-id=\"27e3182\" data-element_type=\"section\" data-e-type=\"section\">\n\t\t\t\t\t\t<div class=\"elementor-container elementor-column-gap-no\">\n\t\t\t\t\t<div class=\"elementor-column elementor-col-100 elementor-inner-column elementor-element elementor-element-1c96ed1\" data-id=\"1c96ed1\" data-element_type=\"column\" data-e-type=\"column\">\n\t\t\t<div class=\"elementor-widget-wrap elementor-element-populated\">\n\t\t\t\t\t\t<div class=\"elementor-element elementor-element-267d89c elementor-invisible elementor-widget elementor-widget-heading\" data-id=\"267d89c\" data-element_type=\"widget\" data-e-type=\"widget\" data-settings=\"{&quot;_animation&quot;:&quot;fadeInLeft&quot;}\" data-widget_type=\"heading.default\">\n\t\t\t\t<div class=\"elementor-widget-container\">\n\t\t\t\t\t<h2 class=\"elementor-heading-title elementor-size-default\">megmutatjuk m\u00e1rk\u00e1d igazi arc\u00e1t<\/h2>\t\t\t\t<\/div>\n\t\t\t\t<\/div>\n\t\t\t\t<div class=\"elementor-element elementor-element-9dbe014 elementor-widget elementor-widget-text-editor\" data-id=\"9dbe014\" data-element_type=\"widget\" data-e-type=\"widget\" data-widget_type=\"text-editor.default\">\n\t\t\t\t<div class=\"elementor-widget-container\">\n\t\t\t\t\t\t\t\t\t<p class=\"translation-block\">a professzion\u00e1lis m\u00e1rka jelenl\u00e9tnek nem csup\u00e1n bels\u0151, hanem k\u00fcls\u0151 szempontjai is vannak.<\/p><p class=\"translation-block\">valljuk, hogy egy, a m\u00e1rk\u00e1hoz j\u00f3l illeszked\u0151 diz\u00e1jn kiv\u00e1laszt\u00e1sa, \u00e9s folytonos implement\u00e1l\u00e1sa az egyik f\u0151 eszk\u00f6ze annak, hogy a versenyt\u00e1rsak k\u00f6z\u00fcl kit\u0171nj, egyed\u00fcl\u00e1ll\u00f3 \u00e9rt\u00e9ket k\u00e9pviselve v\u00e1s\u00e1rl\u00f3id szem\u00e9ben.<\/p>\t\t\t\t\t\t\t\t<\/div>\n\t\t\t\t<\/div>\n\t\t\t\t\t<\/div>\n\t\t<\/div>\n\t\t\t\t\t<\/div>\n\t\t<\/section>\n\t\t\t\t<section class=\"elementor-section elementor-inner-section elementor-element elementor-element-0ad51f1 elementor-section-full_width elementor-section-height-default elementor-section-height-default\" data-id=\"0ad51f1\" data-element_type=\"section\" data-e-type=\"section\">\n\t\t\t\t\t\t<div class=\"elementor-container elementor-column-gap-no\">\n\t\t\t\t\t<div class=\"elementor-column elementor-col-100 elementor-inner-column elementor-element elementor-element-2284176\" data-id=\"2284176\" data-element_type=\"column\" data-e-type=\"column\">\n\t\t\t<div class=\"elementor-widget-wrap elementor-element-populated\">\n\t\t\t\t\t\t<div class=\"elementor-element elementor-element-4b8238c elementor-widget elementor-widget-onovo-faq\" data-id=\"4b8238c\" data-element_type=\"widget\" data-e-type=\"widget\" data-widget_type=\"onovo-faq.default\">\n\t\t\t\t<div class=\"elementor-widget-container\">\n\t\t\t\t\t\t\t\n\t\t\t\t<div class=\"onovo-faq-items\">\n\t\t\t\t\t\t<div class=\"onovo-faq-item onovo-collapse-item\">\n\t\t\t\t\t\t\t\t<h5 class=\"title onovo-collapse-btn\">\n\t\t\t\t\t<span >\n\t\t\t\t\t\tteljes k\u00f6r\u0171 arculattervez\u00e9s\t\t\t\t\t<\/span>\n\t\t\t\t\t<i class=\"arrow\"><\/i>\n\t\t\t\t<\/h5>\n\t\t\t\t\t\t\t\t\t\t\t\t<div class=\"onovo-text\" style=\"display: none;\">\n\t\t\t\t\t<div >\n\t\t\t\t\t\t<p class=\"translation-block\">kiemelten fontos l\u00e9pcs\u0151fok a m\u00e1rkak\u00e9p kialak\u00edt\u00e1s\u00e1nak folyamat\u00e1ban: mag\u00e1ba foglalja mindazt, amely a v\u00e9djegy\u00e9t k\u00e9pezi egy v\u00e1llalkoz\u00e1snak, \u00e9s amit\u0151l vizu\u00e1lisan felismerhet\u0151v\u00e9, beazonos\u00edthat\u00f3v\u00e1 v\u00e1lik a v\u00e1s\u00e1rl\u00f3 sz\u00e1m\u00e1ra<\/p>\t\t\t\t\t<\/div>\n\t\t\t\t<\/div>\n\t\t\t\t\t\t\t<\/div>\n\t\t\t\t\t\t<div class=\"onovo-faq-item onovo-collapse-item\">\n\t\t\t\t\t\t\t\t<h5 class=\"title onovo-collapse-btn\">\n\t\t\t\t\t<span >\n\t\t\t\t\t\twebdiz\u00e1jn\t\t\t\t\t<\/span>\n\t\t\t\t\t<i class=\"arrow\"><\/i>\n\t\t\t\t<\/h5>\n\t\t\t\t\t\t\t\t\t\t\t\t<div class=\"onovo-text\" style=\"display: none;\">\n\t\t\t\t\t<div >\n\t\t\t\t\t\t<p class=\"translation-block\">egy j\u00f3l funkcion\u00e1l\u00f3 \u00e9s sz\u00e9pen megszerkesztett weboldal igazi \u00e9kk\u00f6ve lehet v\u00e1llalkoz\u00e1sod online jelenl\u00e9t\u00e9nek! Legyen sz\u00f3 letisztult, formak\u00f6vet\u0151 diz\u00e1jnr\u00f3l, vagy sz\u00ednesebb, \u00e9s komplexebb szerkeszt\u00e9st ig\u00e9nyl\u0151 weblap tervez\u00e9sr\u0151l, \u00f6r\u00f6mmel vetj\u00fck bele magunkat a kreat\u00edv munk\u00e1latokba<\/p>\t\t\t\t\t<\/div>\n\t\t\t\t<\/div>\n\t\t\t\t\t\t\t<\/div>\n\t\t\t\t\t\t<div class=\"onovo-faq-item onovo-collapse-item\">\n\t\t\t\t\t\t\t\t<h5 class=\"title onovo-collapse-btn\">\n\t\t\t\t\t<span >\n\t\t\t\t\t\toffline grafik\u00e1k\t\t\t\t\t<\/span>\n\t\t\t\t\t<i class=\"arrow\"><\/i>\n\t\t\t\t<\/h5>\n\t\t\t\t\t\t\t\t\t\t\t\t<div class=\"onovo-text\" style=\"display: none;\">\n\t\t\t\t\t<div >\n\t\t\t\t\t\t<p class=\"translation-block\">nyomtatott grafikai anyagokat szint\u00e9n \u00e9rdemes seg\u00edts\u00e9g\u00fcl h\u00edvjad m\u00e1rk\u00e1d \u00e9rt\u00e9k\u00e9nek emel\u00e9s\u00e9ben: szuper\u00fcl megtervezett n\u00e9vjegyk\u00e1rty\u00e1k, sz\u00f3r\u00f3lapok, faldekor\u00e1ci\u00f3k \u00e9s poszterek tov\u00e1bb er\u0151s\u00edtik piaci jelenl\u00e9tedet<\/p>\t\t\t\t\t<\/div>\n\t\t\t\t<\/div>\n\t\t\t\t\t\t\t<\/div>\n\t\t\t\t\t\t<div class=\"onovo-faq-item onovo-collapse-item\">\n\t\t\t\t\t\t\t\t<h5 class=\"title onovo-collapse-btn\">\n\t\t\t\t\t<span >\n\t\t\t\t\t\tterm\u00e9k diz\u00e1jn\t\t\t\t\t<\/span>\n\t\t\t\t\t<i class=\"arrow\"><\/i>\n\t\t\t\t<\/h5>\n\t\t\t\t\t\t\t\t\t\t\t\t<div class=\"onovo-text\" style=\"display: none;\">\n\t\t\t\t\t<div >\n\t\t\t\t\t\t<p class=\"translation-block\">van egy kir\u00e1ly term\u00e9ked, aminek egyedi k\u00fclalakot sz\u00e1nn\u00e1l? Nem is kell t\u00f6bbet mondanod! V\u00e1llalkoz\u00e1sod \u00e9rt\u00e9keit kiemelve \u00e9s k\u00f6z\u00f6ns\u00e9ged ig\u00e9nyeit figyelembe v\u00e9ve megtervezz\u00fck az ide\u00e1lis csomagol\u00e1st, \u00edgy hozz\u00e1seg\u00edtve a piaci f\u00f6l\u00e9ny el\u00e9r\u00e9s\u00e9hez<\/p>\t\t\t\t\t<\/div>\n\t\t\t\t<\/div>\n\t\t\t\t\t\t\t<\/div>\n\t\t\t\t\t<\/div>\n\t\t\n\t\t\t\t\t\t<\/div>\n\t\t\t\t<\/div>\n\t\t\t\t\t<\/div>\n\t\t<\/div>\n\t\t\t\t\t<\/div>\n\t\t<\/section>\n\t\t\t\t\t<\/div>\n\t\t<\/div>\n\t\t\t\t<div class=\"elementor-column elementor-col-50 elementor-top-column elementor-element elementor-element-c78db55\" data-id=\"c78db55\" data-element_type=\"column\" data-e-type=\"column\" data-settings=\"{&quot;background_background&quot;:&quot;classic&quot;}\">\n\t\t\t<div class=\"elementor-widget-wrap elementor-element-populated\">\n\t\t\t\t\t\t<div class=\"elementor-element elementor-element-2db3e09 elementor-widget elementor-widget-onovo-services\" data-id=\"2db3e09\" data-element_type=\"widget\" data-e-type=\"widget\" data-widget_type=\"onovo-services.default\">\n\t\t\t\t<div class=\"elementor-widget-container\">\n\t\t\t\t\t\n\t\t<div class=\"onovo-service-item onovo-service-no-icon\">\n\t\t\t\t\t\t\t\t\t<div class=\"onovo-service-item-inner onovo-hover-3 onovo-hover-black\">\n\t\t\t\t\t\t\t\t<h5 class=\"title\">\n\t\t\t\t\t<a href=\"https:\/\/www.ultrawebstudio.it\/hu\/servizi\/\">\n\t\t\t\t\t\t<span  data-splitting data-onovo-scroll>\n\t\t\t\t\t\t\tszolg\u00e1ltat\u00e1saink\t\t\t\t\t\t<\/span>\n\t\t\t\t\t<\/a>\n\t\t\t\t<\/h5>\n\t\t\t\t\t\t\t\t\t\t\t\t<div class=\"list\">\n\t\t\t\t\t<ul>\n\t\t\t\t\t\t\t\t\t\t\t\t<li>\n\t\t\t\t\t\t\t\t\t\t\t\t\t\t<a class=\"onovo-lnk\" href=\"https:\/\/www.ultrawebstudio.it\/hu\/servizi\/siti-web-e-ecommerce\/\">\n\t\t\t\t\t\t\t\t<span  data-splitting data-onovo-scroll>\n\t\t\t\t\t\t\t\t\t<a href=\"https:\/\/www.ultrawebstudio.it\/hu\/servizi\/siti-web-e-ecommerce\/\">website &amp; webshop<\/a> \t\t\t\t\t\t\t\t<\/span>\n\t\t\t\t\t\t\t<\/a>\n\t\t\t\t\t\t\t\t\t\t\t\t\t<\/li>\n\t\t\t\t\t\t\t\t\t\t\t\t<li class=\"translation-block\"><a href=\"https:\/\/www.ultrawebstudio.it\/hu\/servizi\/digital-marketing\/\">digit\u00e1lis <br> marketing<\/a><\/li>\n\t\t\t\t\t\t\t\t\t\t\t\t<li class=\"translation-block\"><a href=\"https:\/\/www.ultrawebstudio.it\/hu\/servizi\/assistenza-linguistica\/\">ford\u00edt\u00e1s<\/a><\/li>\n\t\t\t\t\t\t\t\t\t\t\t<\/ul>\n\t\t\t\t<\/div>\n\t\t\t\t\t\t\t<\/div>\n\t\t<\/div>\n\n\t\t\t\t\t<\/div>\n\t\t\t\t<\/div>\n\t\t\t\t<section class=\"elementor-section elementor-inner-section elementor-element elementor-element-7cb672b elementor-section-full_width elementor-section-height-default elementor-section-height-default\" data-id=\"7cb672b\" data-element_type=\"section\" data-e-type=\"section\" data-settings=\"{&quot;background_background&quot;:&quot;classic&quot;}\">\n\t\t\t\t\t\t<div class=\"elementor-container elementor-column-gap-no\">\n\t\t\t\t\t<div class=\"elementor-column elementor-col-100 elementor-inner-column elementor-element elementor-element-4cefe7a\" data-id=\"4cefe7a\" data-element_type=\"column\" data-e-type=\"column\">\n\t\t\t<div class=\"elementor-widget-wrap elementor-element-populated\">\n\t\t\t\t\t\t<div class=\"elementor-element elementor-element-5ea5f4d elementor-widget elementor-widget-heading\" data-id=\"5ea5f4d\" data-element_type=\"widget\" data-e-type=\"widget\" data-widget_type=\"heading.default\">\n\t\t\t\t<div class=\"elementor-widget-container\">\n\t\t\t\t\t<h5 class=\"elementor-heading-title elementor-size-default\">szeretn\u00e9l m\u00e1rk\u00e1dnak \u00fct\u0151s k\u00fclalakot adni?<\/h5>\t\t\t\t<\/div>\n\t\t\t\t<\/div>\n\t\t\t\t<div class=\"elementor-element elementor-element-ba95895 elementor-widget elementor-widget-onovo-button\" data-id=\"ba95895\" data-element_type=\"widget\" data-e-type=\"widget\" data-widget_type=\"onovo-button.default\">\n\t\t\t\t<div class=\"elementor-widget-container\">\n\t\t\t\t\t\n\t\t\t\t<!-- Button -->\n\t\t<a class=\"onovo-btn onovo-hover-btn\" href=\"\/hu\/contattaci\/\">\n    \t\t<i class=\"arrow\"><span><\/span><\/i>\t\t\t\t\t\t<span >\n\t\t\t\tkapcsolat\t\t\t<\/span>\n    \t<\/a>\n\t\t\n\t\t\t\t\t\t<\/div>\n\t\t\t\t<\/div>\n\t\t\t\t\t<\/div>\n\t\t<\/div>\n\t\t\t\t\t<\/div>\n\t\t<\/section>\n\t\t\t\t\t<\/div>\n\t\t<\/div>\n\t\t\t\t\t<\/div>\n\t\t<\/section>\n\t\t\t\t<section class=\"elementor-section elementor-top-section elementor-element elementor-element-9f8f58a elementor-section-stretched elementor-section-boxed elementor-section-height-default elementor-section-height-default\" data-id=\"9f8f58a\" data-element_type=\"section\" data-e-type=\"section\" data-settings=\"{&quot;stretch_section&quot;:&quot;section-stretched&quot;}\">\n\t\t\t\t\t\t<div class=\"elementor-container elementor-column-gap-default\">\n\t\t\t\t\t<div class=\"elementor-column elementor-col-100 elementor-top-column elementor-element elementor-element-0b222c3\" data-id=\"0b222c3\" data-element_type=\"column\" data-e-type=\"column\">\n\t\t\t<div class=\"elementor-widget-wrap elementor-element-populated\">\n\t\t\t\t\t\t<div class=\"elementor-element elementor-element-2b8b549 elementor-widget elementor-widget-onovo-project-nav-links\" data-id=\"2b8b549\" data-element_type=\"widget\" data-e-type=\"widget\" data-widget_type=\"onovo-project-nav-links.default\">\n\t\t\t\t<div class=\"elementor-widget-container\">\n\t\t\t\t\t\n\t\t\n\t\t<!-- Section Navigation -->\n\t\t<div class=\"onovo-page-navigation\">\n\t\t\t<div class=\"onovo-page-navigation-content\">\n\t\t\t\t\t\t\t\t<a href=\"\/hu\/digital-marketing\/\" class=\"page-navigation__prev\">\n\t\t\t\t\t<span class=\"onovo-prev onovo-hover-2\"><i><\/i><\/span>\n\t\t\t\t<\/a>\n\t\t\t\t\t\t\t\t\t\t\t\t\t\t\t\t<a href=\"\/hu\/assistenza-linguistica\/\" class=\"page-navigation__next\">\n\t\t\t\t\t<span class=\"onovo-next onovo-hover-2\"><i><\/i><\/span>\n\t\t\t\t<\/a>\n\t\t\t\t\t\t\t<\/div>\n\t\t<\/div>\n\n\t\t\n\t\t\n\t\t\t\t\t\t<\/div>\n\t\t\t\t<\/div>\n\t\t\t\t\t<\/div>\n\t\t<\/div>\n\t\t\t\t\t<\/div>\n\t\t<\/section>\n\t\t\t\t<\/div>","protected":false},"excerpt":{"rendered":"<p>dona al tuo progetto la soluzione grafica che merita sapersi differenziare dai competitor \u00e8 uno degli&#8230; <br \/><a href=\"https:\/\/www.ultrawebstudio.it\/hu\/servizi\/grafica-e-web-design\/\" class=\"onovo-btn onovo-hover-btn\"><span>Read more<\/span><\/a><\/p>","protected":false},"author":1,"featured_media":0,"parent":1740,"menu_order":0,"comment_status":"closed","ping_status":"closed","template":"","meta":{"footnotes":""},"class_list":["post-5975","page","type-page","status-publish","hentry"],"acf":[],"_links":{"self":[{"href":"https:\/\/www.ultrawebstudio.it\/hu\/wp-json\/wp\/v2\/pages\/5975","targetHints":{"allow":["GET"]}}],"collection":[{"href":"https:\/\/www.ultrawebstudio.it\/hu\/wp-json\/wp\/v2\/pages"}],"about":[{"href":"https:\/\/www.ultrawebstudio.it\/hu\/wp-json\/wp\/v2\/types\/page"}],"author":[{"embeddable":true,"href":"https:\/\/www.ultrawebstudio.it\/hu\/wp-json\/wp\/v2\/users\/1"}],"replies":[{"embeddable":true,"href":"https:\/\/www.ultrawebstudio.it\/hu\/wp-json\/wp\/v2\/comments?post=5975"}],"version-history":[{"count":86,"href":"https:\/\/www.ultrawebstudio.it\/hu\/wp-json\/wp\/v2\/pages\/5975\/revisions"}],"predecessor-version":[{"id":7963,"href":"https:\/\/www.ultrawebstudio.it\/hu\/wp-json\/wp\/v2\/pages\/5975\/revisions\/7963"}],"up":[{"embeddable":true,"href":"https:\/\/www.ultrawebstudio.it\/hu\/wp-json\/wp\/v2\/pages\/1740"}],"wp:attachment":[{"href":"https:\/\/www.ultrawebstudio.it\/hu\/wp-json\/wp\/v2\/media?parent=5975"}],"curies":[{"name":"wp","href":"https:\/\/api.w.org\/{rel}","templated":true}]}}