{"id":5984,"date":"2023-09-19T14:59:30","date_gmt":"2023-09-19T14:59:30","guid":{"rendered":"https:\/\/www.ultrawebstudio.it\/?page_id=5984"},"modified":"2023-10-17T16:50:18","modified_gmt":"2023-10-17T16:50:18","slug":"assistenza-linguistica","status":"publish","type":"page","link":"https:\/\/www.ultrawebstudio.it\/hu\/servizi\/assistenza-linguistica\/","title":{"rendered":"ford\u00edt\u00e1s"},"content":{"rendered":"<div data-elementor-type=\"wp-page\" data-elementor-id=\"5984\" class=\"elementor elementor-5984\">\n\t\t\t\t\t\t<section class=\"elementor-section elementor-top-section elementor-element elementor-element-773924c elementor-section-stretched elementor-section-boxed elementor-section-height-default elementor-section-height-default\" data-id=\"773924c\" data-element_type=\"section\" data-e-type=\"section\" data-settings=\"{&quot;stretch_section&quot;:&quot;section-stretched&quot;}\">\n\t\t\t\t\t\t<div class=\"elementor-container elementor-column-gap-default\">\n\t\t\t\t\t<div class=\"elementor-column elementor-col-50 elementor-top-column elementor-element elementor-element-774e5cf\" data-id=\"774e5cf\" data-element_type=\"column\" data-e-type=\"column\">\n\t\t\t<div class=\"elementor-widget-wrap elementor-element-populated\">\n\t\t\t\t\t\t<section class=\"elementor-section elementor-inner-section elementor-element elementor-element-599e0eb elementor-section-full_width elementor-section-height-default elementor-section-height-default\" data-id=\"599e0eb\" data-element_type=\"section\" data-e-type=\"section\">\n\t\t\t\t\t\t<div class=\"elementor-container elementor-column-gap-no\">\n\t\t\t\t\t<div class=\"elementor-column elementor-col-100 elementor-inner-column elementor-element elementor-element-80d8235\" data-id=\"80d8235\" data-element_type=\"column\" data-e-type=\"column\">\n\t\t\t<div class=\"elementor-widget-wrap elementor-element-populated\">\n\t\t\t\t\t\t<div class=\"elementor-element elementor-element-a110cef elementor-widget elementor-widget-image\" data-id=\"a110cef\" data-element_type=\"widget\" data-e-type=\"widget\" data-widget_type=\"image.default\">\n\t\t\t\t<div class=\"elementor-widget-container\">\n\t\t\t\t\t\t\t\t\t\t\t\t\t\t\t<img fetchpriority=\"high\" decoding=\"async\" width=\"1920\" height=\"1047\" src=\"https:\/\/www.ultrawebstudio.it\/wp-content\/uploads\/2023\/10\/assistenza-linguistica-1920x1047.png\" class=\"attachment-onovo_1920xAuto size-onovo_1920xAuto wp-image-7589\" alt=\"\" srcset=\"https:\/\/www.ultrawebstudio.it\/wp-content\/uploads\/2023\/10\/assistenza-linguistica-1920x1047.png 1920w, https:\/\/www.ultrawebstudio.it\/wp-content\/uploads\/2023\/10\/assistenza-linguistica-300x164.png 300w, https:\/\/www.ultrawebstudio.it\/wp-content\/uploads\/2023\/10\/assistenza-linguistica-1024x559.png 1024w, https:\/\/www.ultrawebstudio.it\/wp-content\/uploads\/2023\/10\/assistenza-linguistica-768x419.png 768w, https:\/\/www.ultrawebstudio.it\/wp-content\/uploads\/2023\/10\/assistenza-linguistica-1536x838.png 1536w, https:\/\/www.ultrawebstudio.it\/wp-content\/uploads\/2023\/10\/assistenza-linguistica-2048x1117.png 2048w, https:\/\/www.ultrawebstudio.it\/wp-content\/uploads\/2023\/10\/assistenza-linguistica-200x109.png 200w, https:\/\/www.ultrawebstudio.it\/wp-content\/uploads\/2023\/10\/assistenza-linguistica-400x218.png 400w, https:\/\/www.ultrawebstudio.it\/wp-content\/uploads\/2023\/10\/assistenza-linguistica-800x436.png 800w, https:\/\/www.ultrawebstudio.it\/wp-content\/uploads\/2023\/10\/assistenza-linguistica-1000x545.png 1000w, https:\/\/www.ultrawebstudio.it\/wp-content\/uploads\/2023\/10\/assistenza-linguistica-1200x655.png 1200w\" sizes=\"(max-width: 1920px) 100vw, 1920px\" \/>\t\t\t\t\t\t\t\t\t\t\t\t\t\t\t<\/div>\n\t\t\t\t<\/div>\n\t\t\t\t\t<\/div>\n\t\t<\/div>\n\t\t\t\t\t<\/div>\n\t\t<\/section>\n\t\t\t\t<section class=\"elementor-section elementor-inner-section elementor-element elementor-element-42b9950 elementor-section-full_width elementor-section-height-default elementor-section-height-default\" data-id=\"42b9950\" data-element_type=\"section\" data-e-type=\"section\">\n\t\t\t\t\t\t<div class=\"elementor-container elementor-column-gap-no\">\n\t\t\t\t\t<div class=\"elementor-column elementor-col-100 elementor-inner-column elementor-element elementor-element-ec181e1\" data-id=\"ec181e1\" data-element_type=\"column\" data-e-type=\"column\">\n\t\t\t<div class=\"elementor-widget-wrap elementor-element-populated\">\n\t\t\t\t\t\t<div class=\"elementor-element elementor-element-190ba2f elementor-invisible elementor-widget elementor-widget-heading\" data-id=\"190ba2f\" data-element_type=\"widget\" data-e-type=\"widget\" data-settings=\"{&quot;_animation&quot;:&quot;fadeInRight&quot;}\" data-widget_type=\"heading.default\">\n\t\t\t\t<div class=\"elementor-widget-container\">\n\t\t\t\t\t<h2 class=\"elementor-heading-title elementor-size-default\">seg\u00edt\u00fcnk felsz\u00e1molni a nyelvi hat\u00e1rokat<\/h2>\t\t\t\t<\/div>\n\t\t\t\t<\/div>\n\t\t\t\t<div class=\"elementor-element elementor-element-37c39dc elementor-widget elementor-widget-text-editor\" data-id=\"37c39dc\" data-element_type=\"widget\" data-e-type=\"widget\" data-widget_type=\"text-editor.default\">\n\t\t\t\t<div class=\"elementor-widget-container\">\n\t\t\t\t\t\t\t\t\t<p class=\"translation-block\">\u00fczleted jelleg\u00e9t\u0151l, \u00e9s elhelyezked\u00e9s\u00e9t\u0151l f\u00fcgg\u0151en \u00e9rdemes lehet b\u0151v\u00edteni v\u00e1s\u00e1rl\u00f3i k\u00f6r\u00f6det a helyi k\u00fclf\u00f6ldi k\u00f6z\u00f6ss\u00e9g \u00e9s turist\u00e1k ir\u00e1ny\u00e1ba is. Amennyiben szeretn\u00e9d, hogy min\u00e9l t\u00f6bben ismerj\u00e9k meg szolg\u00e1ltat\u00e1saidat, t\u00f6bbnyelv\u0171 weboldalban, \u00e9s a k\u00f6z\u00f6ss\u00e9gi m\u00e9di\u00e1ban k\u00f6zvet\u00edtett kommunik\u00e1ci\u00f3dban is c\u00e9lszer\u0171 gondolkodnod. Nyelvek, melyekben seg\u00edts\u00e9gedre lehet\u00fcnk: olasz-angol-magyar.<\/p>\t\t\t\t\t\t\t\t<\/div>\n\t\t\t\t<\/div>\n\t\t\t\t<div class=\"elementor-element elementor-element-e020a09 elementor-widget elementor-widget-onovo-faq\" data-id=\"e020a09\" data-element_type=\"widget\" data-e-type=\"widget\" data-widget_type=\"onovo-faq.default\">\n\t\t\t\t<div class=\"elementor-widget-container\">\n\t\t\t\t\t\t\t\n\t\t\t\t<div class=\"onovo-faq-items\">\n\t\t\t\t\t\t<div class=\"onovo-faq-item onovo-collapse-item\">\n\t\t\t\t\t\t\t\t<h5 class=\"title onovo-collapse-btn\">\n\t\t\t\t\t<span >\n\t\t\t\t\t\tsz\u00f6vegek \u00e9s webes tartalmak ford\u00edt\u00e1sa\t\t\t\t\t<\/span>\n\t\t\t\t\t<i class=\"arrow\"><\/i>\n\t\t\t\t<\/h5>\n\t\t\t\t\t\t\t\t\t\t\t\t<div class=\"onovo-text\" style=\"display: none;\">\n\t\t\t\t\t<div >\n\t\t\t\t\t\t<p class=\"translation-block\">Leford\u00edtjuk a k\u00edv\u00e1nt nyelvre weboldalad tartalm\u00e1t, illetve minden olyan egy\u00e9b tartalmat, amely hossz\u00fat\u00e1von seg\u00edt b\u0151v\u00edteni v\u00e1s\u00e1rl\u00f3i k\u00f6r\u00f6det<\/p>\t\t\t\t\t<\/div>\n\t\t\t\t<\/div>\n\t\t\t\t\t\t\t<\/div>\n\t\t\t\t\t\t<div class=\"onovo-faq-item onovo-collapse-item\">\n\t\t\t\t\t\t\t\t<h5 class=\"title onovo-collapse-btn\">\n\t\t\t\t\t<span >\n\t\t\t\t\t\ttolm\u00e1csol\u00e1s\t\t\t\t\t<\/span>\n\t\t\t\t\t<i class=\"arrow\"><\/i>\n\t\t\t\t<\/h5>\n\t\t\t\t\t\t\t\t\t\t\t\t<div class=\"onovo-text\" style=\"display: none;\">\n\t\t\t\t\t<div >\n\t\t\t\t\t\t<p class=\"translation-block\">legyen sz\u00f3 online, vagy szem\u00e9lyes alkalomr\u00f3l, h\u00e1rom nyelven besz\u00e9l\u0151 csapatunk seg\u00edt lebonyol\u00edtani k\u00fclf\u00f6ldi partnereiddel t\u00f6rt\u00e9n\u0151 \u00fczleti megbesz\u00e9l\u00e9seidet<\/p>\t\t\t\t\t<\/div>\n\t\t\t\t<\/div>\n\t\t\t\t\t\t\t<\/div>\n\t\t\t\t\t\t<div class=\"onovo-faq-item onovo-collapse-item\">\n\t\t\t\t\t\t\t\t<h5 class=\"title onovo-collapse-btn\">\n\t\t\t\t\t<span >\n\t\t\t\t\t\thivatalos \u00fcgyek\t\t\t\t\t<\/span>\n\t\t\t\t\t<i class=\"arrow\"><\/i>\n\t\t\t\t<\/h5>\n\t\t\t\t\t\t\t\t\t\t\t\t<div class=\"onovo-text\" style=\"display: none;\">\n\t\t\t\t\t<div >\n\t\t\t\t\t\t<p class=\"translation-block\">seg\u00edt\u00fcnk megtal\u00e1lni a sz\u00fcks\u00e9ges szakembereket Magyarorsz\u00e1gon \u00e9s Olaszorsz\u00e1gban, azzal a c\u00e9llal, hogy a b\u00fcrokratikus \u00e9s adminisztrat\u00edv ter\u00fcleten is felgyors\u00edtsuk v\u00e1llalkoz\u00e1sfejleszt\u00e9si m\u0171veleteidet<\/p>\t\t\t\t\t<\/div>\n\t\t\t\t<\/div>\n\t\t\t\t\t\t\t<\/div>\n\t\t\t\t\t<\/div>\n\t\t\n\t\t\t\t\t\t<\/div>\n\t\t\t\t<\/div>\n\t\t\t\t\t<\/div>\n\t\t<\/div>\n\t\t\t\t\t<\/div>\n\t\t<\/section>\n\t\t\t\t\t<\/div>\n\t\t<\/div>\n\t\t\t\t<div class=\"elementor-column elementor-col-50 elementor-top-column elementor-element elementor-element-d9fc3ba\" data-id=\"d9fc3ba\" data-element_type=\"column\" data-e-type=\"column\" data-settings=\"{&quot;background_background&quot;:&quot;classic&quot;}\">\n\t\t\t<div class=\"elementor-widget-wrap elementor-element-populated\">\n\t\t\t\t\t\t<div class=\"elementor-element elementor-element-53ad84d elementor-widget elementor-widget-onovo-services\" data-id=\"53ad84d\" data-element_type=\"widget\" data-e-type=\"widget\" data-widget_type=\"onovo-services.default\">\n\t\t\t\t<div class=\"elementor-widget-container\">\n\t\t\t\t\t\n\t\t<div class=\"onovo-service-item onovo-service-no-icon\">\n\t\t\t\t\t\t\t\t\t<div class=\"onovo-service-item-inner onovo-hover-3 onovo-hover-black\">\n\t\t\t\t\t\t\t\t<h5 class=\"title\">\n\t\t\t\t\t<a href=\"https:\/\/www.ultrawebstudio.it\/hu\/servizi\/\">\n\t\t\t\t\t\t<span  data-splitting data-onovo-scroll>\n\t\t\t\t\t\t\tszolg\u00e1ltat\u00e1saink\t\t\t\t\t\t<\/span>\n\t\t\t\t\t<\/a>\n\t\t\t\t<\/h5>\n\t\t\t\t\t\t\t\t\t\t\t\t<div class=\"list\">\n\t\t\t\t\t<ul>\n\t\t\t\t\t\t\t\t\t\t\t\t<li>\n\t\t\t\t\t\t\t\t\t\t\t\t\t\t<a class=\"onovo-lnk\" href=\"https:\/\/www.ultrawebstudio.it\/hu\/servizi\/siti-web-e-ecommerce\/\">\n\t\t\t\t\t\t\t\t<span  data-splitting data-onovo-scroll>\n\t\t\t\t\t\t\t\t\t<a href=\"https:\/\/www.ultrawebstudio.it\/hu\/servizi\/siti-web-e-ecommerce\/\">website &amp; webshop<\/a> \t\t\t\t\t\t\t\t<\/span>\n\t\t\t\t\t\t\t<\/a>\n\t\t\t\t\t\t\t\t\t\t\t\t\t<\/li>\n\t\t\t\t\t\t\t\t\t\t\t\t<li class=\"translation-block\"><a href=\"https:\/\/www.ultrawebstudio.it\/hu\/servizi\/digital-marketing\/\">digit\u00e1lis <br> marketing<\/a><\/li>\n\t\t\t\t\t\t\t\t\t\t\t\t<li class=\"translation-block\"><a href=\"https:\/\/www.ultrawebstudio.it\/hu\/servizi\/grafica-e-web-design\/\">grafika &amp; <br> webdiz\u00e1jn<\/a><\/li>\n\t\t\t\t\t\t\t\t\t\t\t<\/ul>\n\t\t\t\t<\/div>\n\t\t\t\t\t\t\t<\/div>\n\t\t<\/div>\n\n\t\t\t\t\t<\/div>\n\t\t\t\t<\/div>\n\t\t\t\t<section class=\"elementor-section elementor-inner-section elementor-element elementor-element-957fda3 elementor-section-full_width elementor-section-height-default elementor-section-height-default\" data-id=\"957fda3\" data-element_type=\"section\" data-e-type=\"section\" data-settings=\"{&quot;background_background&quot;:&quot;classic&quot;}\">\n\t\t\t\t\t\t<div class=\"elementor-container elementor-column-gap-no\">\n\t\t\t\t\t<div class=\"elementor-column elementor-col-100 elementor-inner-column elementor-element elementor-element-ca1e0c1\" data-id=\"ca1e0c1\" data-element_type=\"column\" data-e-type=\"column\">\n\t\t\t<div class=\"elementor-widget-wrap elementor-element-populated\">\n\t\t\t\t\t\t<div class=\"elementor-element elementor-element-1aea808 elementor-widget elementor-widget-heading\" data-id=\"1aea808\" data-element_type=\"widget\" data-e-type=\"widget\" data-widget_type=\"heading.default\">\n\t\t\t\t<div class=\"elementor-widget-container\">\n\t\t\t\t\t<h5 class=\"elementor-heading-title elementor-size-default\">szeretn\u00e9d hat\u00e9konyan el\u00e9rni k\u00fclf\u00f6ldi \u00fcgyfeleidet? <\/h5>\t\t\t\t<\/div>\n\t\t\t\t<\/div>\n\t\t\t\t<div class=\"elementor-element elementor-element-2f4907f elementor-widget elementor-widget-onovo-button\" data-id=\"2f4907f\" data-element_type=\"widget\" data-e-type=\"widget\" data-widget_type=\"onovo-button.default\">\n\t\t\t\t<div class=\"elementor-widget-container\">\n\t\t\t\t\t\n\t\t\t\t<!-- Button -->\n\t\t<a class=\"onovo-btn onovo-hover-btn\" href=\"\/hu\/contattaci\/\">\n    \t\t<i class=\"arrow\"><span><\/span><\/i>\t\t\t\t\t\t<span >\n\t\t\t\tkapcsolat\t\t\t<\/span>\n    \t<\/a>\n\t\t\n\t\t\t\t\t\t<\/div>\n\t\t\t\t<\/div>\n\t\t\t\t\t<\/div>\n\t\t<\/div>\n\t\t\t\t\t<\/div>\n\t\t<\/section>\n\t\t\t\t\t<\/div>\n\t\t<\/div>\n\t\t\t\t\t<\/div>\n\t\t<\/section>\n\t\t\t\t<section class=\"elementor-section elementor-top-section elementor-element elementor-element-8165894 elementor-section-stretched elementor-section-boxed elementor-section-height-default elementor-section-height-default\" data-id=\"8165894\" data-element_type=\"section\" data-e-type=\"section\" data-settings=\"{&quot;stretch_section&quot;:&quot;section-stretched&quot;}\">\n\t\t\t\t\t\t<div class=\"elementor-container elementor-column-gap-default\">\n\t\t\t\t\t<div class=\"elementor-column elementor-col-100 elementor-top-column elementor-element elementor-element-e74a2f0\" data-id=\"e74a2f0\" data-element_type=\"column\" data-e-type=\"column\">\n\t\t\t<div class=\"elementor-widget-wrap elementor-element-populated\">\n\t\t\t\t\t\t<div class=\"elementor-element elementor-element-f3213d1 elementor-widget elementor-widget-onovo-project-nav-links\" data-id=\"f3213d1\" data-element_type=\"widget\" data-e-type=\"widget\" data-widget_type=\"onovo-project-nav-links.default\">\n\t\t\t\t<div class=\"elementor-widget-container\">\n\t\t\t\t\t\n\t\t\n\t\t<!-- Section Navigation -->\n\t\t<div class=\"onovo-page-navigation\">\n\t\t\t<div class=\"onovo-page-navigation-content\">\n\t\t\t\t\t\t\t\t<a href=\"\/hu\/grafica-e-web-design\/\" class=\"page-navigation__prev\">\n\t\t\t\t\t<span class=\"onovo-prev onovo-hover-2\"><i><\/i><\/span>\n\t\t\t\t<\/a>\n\t\t\t\t\t\t\t\t\t\t\t\t\t\t\t\t<a href=\"\/hu\/siti-web-e-ecommerce\/\" class=\"page-navigation__next\">\n\t\t\t\t\t<span class=\"onovo-next onovo-hover-2\"><i><\/i><\/span>\n\t\t\t\t<\/a>\n\t\t\t\t\t\t\t<\/div>\n\t\t<\/div>\n\n\t\t\n\t\t\n\t\t\t\t\t\t<\/div>\n\t\t\t\t<\/div>\n\t\t\t\t\t<\/div>\n\t\t<\/div>\n\t\t\t\t\t<\/div>\n\t\t<\/section>\n\t\t\t\t<\/div>","protected":false},"excerpt":{"rendered":"<p>per una presenza efficace oltre i confini nazionali le competenze del nostro team italo-ungherese non consistono&#8230; <br \/><a href=\"https:\/\/www.ultrawebstudio.it\/hu\/servizi\/assistenza-linguistica\/\" class=\"onovo-btn onovo-hover-btn\"><span>Read more<\/span><\/a><\/p>","protected":false},"author":1,"featured_media":0,"parent":1740,"menu_order":0,"comment_status":"closed","ping_status":"closed","template":"","meta":{"footnotes":""},"class_list":["post-5984","page","type-page","status-publish","hentry"],"acf":[],"_links":{"self":[{"href":"https:\/\/www.ultrawebstudio.it\/hu\/wp-json\/wp\/v2\/pages\/5984","targetHints":{"allow":["GET"]}}],"collection":[{"href":"https:\/\/www.ultrawebstudio.it\/hu\/wp-json\/wp\/v2\/pages"}],"about":[{"href":"https:\/\/www.ultrawebstudio.it\/hu\/wp-json\/wp\/v2\/types\/page"}],"author":[{"embeddable":true,"href":"https:\/\/www.ultrawebstudio.it\/hu\/wp-json\/wp\/v2\/users\/1"}],"replies":[{"embeddable":true,"href":"https:\/\/www.ultrawebstudio.it\/hu\/wp-json\/wp\/v2\/comments?post=5984"}],"version-history":[{"count":136,"href":"https:\/\/www.ultrawebstudio.it\/hu\/wp-json\/wp\/v2\/pages\/5984\/revisions"}],"predecessor-version":[{"id":7881,"href":"https:\/\/www.ultrawebstudio.it\/hu\/wp-json\/wp\/v2\/pages\/5984\/revisions\/7881"}],"up":[{"embeddable":true,"href":"https:\/\/www.ultrawebstudio.it\/hu\/wp-json\/wp\/v2\/pages\/1740"}],"wp:attachment":[{"href":"https:\/\/www.ultrawebstudio.it\/hu\/wp-json\/wp\/v2\/media?parent=5984"}],"curies":[{"name":"wp","href":"https:\/\/api.w.org\/{rel}","templated":true}]}}