{"id":6245,"date":"2023-09-21T09:29:53","date_gmt":"2023-09-21T09:29:53","guid":{"rendered":"https:\/\/www.ultrawebstudio.it\/?page_id=6245"},"modified":"2024-09-13T11:03:53","modified_gmt":"2024-09-13T11:03:53","slug":"cristian-perruzza","status":"publish","type":"page","link":"https:\/\/www.ultrawebstudio.it\/hu\/team\/cristian-perruzza\/","title":{"rendered":"Cristian Perruzza"},"content":{"rendered":"<div data-elementor-type=\"wp-page\" data-elementor-id=\"6245\" class=\"elementor elementor-6245\">\n\t\t\t\t\t\t<section class=\"elementor-section elementor-top-section elementor-element elementor-element-20e9c85 elementor-section-stretched elementor-section-boxed elementor-section-height-default elementor-section-height-default\" data-id=\"20e9c85\" data-element_type=\"section\" data-e-type=\"section\" data-settings=\"{&quot;stretch_section&quot;:&quot;section-stretched&quot;}\">\n\t\t\t\t\t\t<div class=\"elementor-container elementor-column-gap-no\">\n\t\t\t\t\t<div class=\"elementor-column elementor-col-100 elementor-top-column elementor-element elementor-element-e29aeff\" data-id=\"e29aeff\" data-element_type=\"column\" data-e-type=\"column\">\n\t\t\t<div class=\"elementor-widget-wrap elementor-element-populated\">\n\t\t\t\t\t\t<section class=\"elementor-section elementor-inner-section elementor-element elementor-element-dd81583 elementor-section-full_width elementor-section-content-middle elementor-section-height-default elementor-section-height-default\" data-id=\"dd81583\" data-element_type=\"section\" data-e-type=\"section\">\n\t\t\t\t\t\t<div class=\"elementor-container elementor-column-gap-no\">\n\t\t\t\t\t<div class=\"elementor-column elementor-col-50 elementor-inner-column elementor-element elementor-element-48ddc0e\" data-id=\"48ddc0e\" data-element_type=\"column\" data-e-type=\"column\">\n\t\t\t<div class=\"elementor-widget-wrap elementor-element-populated\">\n\t\t\t\t\t\t<div class=\"elementor-element elementor-element-2fa9077 elementor-widget elementor-widget-image\" data-id=\"2fa9077\" data-element_type=\"widget\" data-e-type=\"widget\" data-widget_type=\"image.default\">\n\t\t\t\t<div class=\"elementor-widget-container\">\n\t\t\t\t\t\t\t\t\t\t\t\t\t\t\t<img decoding=\"async\" src=\"https:\/\/www.ultrawebstudio.it\/wp-content\/uploads\/elementor\/thumbs\/1914_cristian-qdpzmvp9b0km7x56ps5g1bv171we2xl5osp1ish3fs.png\" title=\"1914_cristian\" alt=\"1914_cristian\" loading=\"lazy\" \/>\t\t\t\t\t\t\t\t\t\t\t\t\t\t\t<\/div>\n\t\t\t\t<\/div>\n\t\t\t\t\t<\/div>\n\t\t<\/div>\n\t\t\t\t<div class=\"elementor-column elementor-col-50 elementor-inner-column elementor-element elementor-element-bc1ae3b\" data-id=\"bc1ae3b\" data-element_type=\"column\" data-e-type=\"column\">\n\t\t\t<div class=\"elementor-widget-wrap elementor-element-populated\">\n\t\t\t\t\t\t<div class=\"elementor-element elementor-element-cca27eb elementor-widget elementor-widget-heading\" data-id=\"cca27eb\" data-element_type=\"widget\" data-e-type=\"widget\" data-widget_type=\"heading.default\">\n\t\t\t\t<div class=\"elementor-widget-container\">\n\t\t\t\t\t<h2 class=\"elementor-heading-title elementor-size-default\">Cristian Perruzza<\/h2>\t\t\t\t<\/div>\n\t\t\t\t<\/div>\n\t\t\t\t<div class=\"elementor-element elementor-element-d35b774 elementor-widget elementor-widget-heading\" data-id=\"d35b774\" data-element_type=\"widget\" data-e-type=\"widget\" data-widget_type=\"heading.default\">\n\t\t\t\t<div class=\"elementor-widget-container\">\n\t\t\t\t\t<div class=\"elementor-heading-title elementor-size-default\"><span data-splitting=\"\" data-onovo-scroll=\"\">co-founder<br>software engineer &amp; web developer<\/span><\/div>\t\t\t\t<\/div>\n\t\t\t\t<\/div>\n\t\t\t\t<div class=\"elementor-element elementor-element-f56dbd7 elementor-widget elementor-widget-onovo-team-info\" data-id=\"f56dbd7\" data-element_type=\"widget\" data-e-type=\"widget\" data-widget_type=\"onovo-team-info.default\">\n\t\t\t\t<div class=\"elementor-widget-container\">\n\t\t\t\t\t\n        \t\t<div class=\"onovo-team-info\">\n            <ul>\n                                <li>\n                                                                                <a target=\"_blank\" rel=\"nofollow\" href=\"mailto:cristian.perruzza@ultrawebstudio.it\" class=\"onovo-lnk\">                        <span  data-splitting data-onovo-scroll>\n                            cristian.perruzza@ultrawebstudio.it                        <\/span>\n                    <\/a>\t\t\t\t\t                <\/li>\n                            <\/ul>\n\t\t<\/div>\n\t\t\n\t\t\t\t\t\t<\/div>\n\t\t\t\t<\/div>\n\t\t\t\t<div class=\"elementor-element elementor-element-21b326d elementor-shape-circle e-grid-align-left elementor-grid-0 elementor-widget elementor-widget-social-icons\" data-id=\"21b326d\" data-element_type=\"widget\" data-e-type=\"widget\" data-widget_type=\"social-icons.default\">\n\t\t\t\t<div class=\"elementor-widget-container\">\n\t\t\t\t\t\t\t<div class=\"elementor-social-icons-wrapper elementor-grid\">\n\t\t\t\t\t\t\t<span class=\"elementor-grid-item\">\n\t\t\t\t\t<a class=\"elementor-icon elementor-social-icon elementor-social-icon-linkedin elementor-repeater-item-5c9a045\" href=\"https:\/\/www.linkedin.com\/in\/cristian-perruzza\/\" target=\"_blank\">\n\t\t\t\t\t\t<span class=\"elementor-screen-only\">Linkedin<\/span>\n\t\t\t\t\t\t<i aria-hidden=\"true\" class=\"fab fa-linkedin\"><\/i>\t\t\t\t\t<\/a>\n\t\t\t\t<\/span>\n\t\t\t\t\t<\/div>\n\t\t\t\t\t\t<\/div>\n\t\t\t\t<\/div>\n\t\t\t\t\t<\/div>\n\t\t<\/div>\n\t\t\t\t\t<\/div>\n\t\t<\/section>\n\t\t\t\t\t<\/div>\n\t\t<\/div>\n\t\t\t\t\t<\/div>\n\t\t<\/section>\n\t\t\t\t<section class=\"elementor-section elementor-top-section elementor-element elementor-element-2d73aed elementor-section-stretched elementor-section-boxed elementor-section-height-default elementor-section-height-default\" data-id=\"2d73aed\" data-element_type=\"section\" data-e-type=\"section\" data-settings=\"{&quot;stretch_section&quot;:&quot;section-stretched&quot;}\">\n\t\t\t\t\t\t<div class=\"elementor-container elementor-column-gap-default\">\n\t\t\t\t\t<div class=\"elementor-column elementor-col-100 elementor-top-column elementor-element elementor-element-bf43d60\" data-id=\"bf43d60\" data-element_type=\"column\" data-e-type=\"column\">\n\t\t\t<div class=\"elementor-widget-wrap elementor-element-populated\">\n\t\t\t\t\t\t<div class=\"elementor-element elementor-element-87d739e elementor-widget elementor-widget-spacer\" data-id=\"87d739e\" data-element_type=\"widget\" data-e-type=\"widget\" data-widget_type=\"spacer.default\">\n\t\t\t\t<div class=\"elementor-widget-container\">\n\t\t\t\t\t\t\t<div class=\"elementor-spacer\">\n\t\t\t<div class=\"elementor-spacer-inner\"><\/div>\n\t\t<\/div>\n\t\t\t\t\t\t<\/div>\n\t\t\t\t<\/div>\n\t\t\t\t<div class=\"elementor-element elementor-element-b4f6d48 elementor-widget elementor-widget-text-editor\" data-id=\"b4f6d48\" data-element_type=\"widget\" data-e-type=\"widget\" data-widget_type=\"text-editor.default\">\n\t\t\t\t<div class=\"elementor-widget-container\">\n\t\t\t\t\t\t\t\t\t<p class=\"translation-block\">Cristian t\u00f6bb \u00e9vtizedes tapasztalattal rendelkez\u0151 webfejleszt\u0151, aki kis- \u00e9s k\u00f6z\u00e9pv\u00e1llalkoz\u00e1sok sz\u00e1m\u00e1ra k\u00e9sz\u00edt weboldalakat \u00e9s webshopokat.<\/p><p class=\"translation-block\">programoz\u00e1s ir\u00e1nti szenved\u00e9lye folyamatosan arra sarkallja, hogy \u00fcgyfeleinek szem\u00e9lyre szabott \u00e9s magas sz\u00ednvonal\u00fa megold\u00e1sokat dolgozzon ki azzal a c\u00e9llal, hogy seg\u00edtse azoknak online t\u00e9rben val\u00f3 \u00e9rv\u00e9nyes\u00fcl\u00e9s\u00e9t.<\/p><p class=\"translation-block\">mivel mindig naprak\u00e9sz a leg\u00fajabb programoz\u00e1si trendekkel kapcsolatban, Cristian sz\u00e1m\u00e1ra nincsenek akad\u00e1lyok, ha CMS-r\u0151l van sz\u00f3: k\u00e9pes b\u00e1rmilyen elk\u00e9pzel\u00e9st digit\u00e1lis val\u00f3s\u00e1gg\u00e1 v\u00e1ltani!<\/p>\t\t\t\t\t\t\t\t<\/div>\n\t\t\t\t<\/div>\n\t\t\t\t\t<\/div>\n\t\t<\/div>\n\t\t\t\t\t<\/div>\n\t\t<\/section>\n\t\t\t\t<section class=\"elementor-section elementor-top-section elementor-element elementor-element-5c545cc elementor-section-stretched elementor-section-boxed elementor-section-height-default elementor-section-height-default\" data-id=\"5c545cc\" data-element_type=\"section\" data-e-type=\"section\" data-settings=\"{&quot;stretch_section&quot;:&quot;section-stretched&quot;}\">\n\t\t\t\t\t\t<div class=\"elementor-container elementor-column-gap-default\">\n\t\t\t\t\t<div class=\"elementor-column elementor-col-100 elementor-top-column elementor-element elementor-element-21847b3\" data-id=\"21847b3\" data-element_type=\"column\" data-e-type=\"column\">\n\t\t\t<div class=\"elementor-widget-wrap elementor-element-populated\">\n\t\t\t\t\t\t<div class=\"elementor-element elementor-element-574b492 elementor-invisible elementor-widget elementor-widget-heading\" data-id=\"574b492\" data-element_type=\"widget\" data-e-type=\"widget\" data-settings=\"{&quot;_animation&quot;:&quot;fadeInLeft&quot;}\" data-widget_type=\"heading.default\">\n\t\t\t\t<div class=\"elementor-widget-container\">\n\t\t\t\t\t<h2 class=\"elementor-heading-title elementor-size-default\"><br>az al\u00e1bbi ter\u00fcletek fekete\u00f6ves szak\u00e9rt\u0151je:<\/h2>\t\t\t\t<\/div>\n\t\t\t\t<\/div>\n\t\t\t\t<div class=\"elementor-element elementor-element-b7e12ba elementor-widget elementor-widget-onovo-services-list\" data-id=\"b7e12ba\" data-element_type=\"widget\" data-e-type=\"widget\" data-widget_type=\"onovo-services-list.default\">\n\t\t\t\t<div class=\"elementor-widget-container\">\n\t\t\t\t\t\t\t\n\t\t\t\t<div class=\"onovo-services-list\">\n\t\t\t\t\t\t<div class=\"onovo-service-item-list\">\n\t\t\t\t<div class=\"onovo-service-item-list-inner\">\n\t\t\t\t\t\t\t\t\t\t\t\t\t\t\t<div class=\"image\">\n\t\t\t\t\t\t<div class=\"icon\"><i aria-hidden=\"true\" class=\"fab fa-wordpress-simple\"><\/i><\/div>\n\t\t\t\t\t<\/div>\n\t\t\t\t\t\t\t\t\t\t\t\t\t\t\t\t\t\t\t\t\t\t\t\t\t\t\t\t\t\t<h5 class=\"title\">\n\t\t\t\t\t\t\t\t\t\t\t\t\t<span >\n\t\t\t\t\t\t\t\twordpress\t\t\t\t\t\t\t<\/span>\n\t\t\t\t\t\t<\/a>\t\t\t\t\t<\/h5>\n\t\t\t\t\t\t\t\t\t\t\t\t\t\t<\/div>\n\t\t\t<\/div>\n\t\t\t\t\t\t<div class=\"onovo-service-item-list\">\n\t\t\t\t<div class=\"onovo-service-item-list-inner\">\n\t\t\t\t\t\t\t\t\t\t\t\t\t\t\t<div class=\"image\">\n\t\t\t\t\t\t<div class=\"icon\"><i aria-hidden=\"true\" class=\"fas fa-shopping-cart\"><\/i><\/div>\n\t\t\t\t\t<\/div>\n\t\t\t\t\t\t\t\t\t\t\t\t\t\t\t\t\t\t\t\t\t\t\t\t\t\t\t\t\t\t<h5 class=\"title\">\n\t\t\t\t\t\t\t\t\t\t\t\t\t<span >\n\t\t\t\t\t\t\t\te-kereskedelem\t\t\t\t\t\t\t<\/span>\n\t\t\t\t\t\t<\/a>\t\t\t\t\t<\/h5>\n\t\t\t\t\t\t\t\t\t\t\t\t\t\t<\/div>\n\t\t\t<\/div>\n\t\t\t\t\t\t<div class=\"onovo-service-item-list\">\n\t\t\t\t<div class=\"onovo-service-item-list-inner\">\n\t\t\t\t\t\t\t\t\t\t\t\t\t\t\t<div class=\"image\">\n\t\t\t\t\t\t<div class=\"icon\"><i aria-hidden=\"true\" class=\"fab fa-html5\"><\/i><\/div>\n\t\t\t\t\t<\/div>\n\t\t\t\t\t\t\t\t\t\t\t\t\t\t\t\t\t\t\t\t\t\t\t\t\t\t\t\t\t\t<h5 class=\"title\">\n\t\t\t\t\t\t\t\t\t\t\t\t\t<span >\n\t\t\t\t\t\t\t\thtml\t\t\t\t\t\t\t<\/span>\n\t\t\t\t\t\t<\/a>\t\t\t\t\t<\/h5>\n\t\t\t\t\t\t\t\t\t\t\t\t\t\t<\/div>\n\t\t\t<\/div>\n\t\t\t\t\t\t<div class=\"onovo-service-item-list\">\n\t\t\t\t<div class=\"onovo-service-item-list-inner\">\n\t\t\t\t\t\t\t\t\t\t\t\t\t\t\t<div class=\"image\">\n\t\t\t\t\t\t<div class=\"icon\"><i aria-hidden=\"true\" class=\"fas fa-laptop-code\"><\/i><\/div>\n\t\t\t\t\t<\/div>\n\t\t\t\t\t\t\t\t\t\t\t\t\t\t\t\t\t\t\t\t\t\t\t\t\t\t\t\t\t\t<h5 class=\"title\">\n\t\t\t\t\t\t\t\t\t\t\t\t\t<span >\n\t\t\t\t\t\t\t\tIT tan\u00e1csad\u00e1s\t\t\t\t\t\t\t<\/span>\n\t\t\t\t\t\t<\/a>\t\t\t\t\t<\/h5>\n\t\t\t\t\t\t\t\t\t\t\t\t\t\t<\/div>\n\t\t\t<\/div>\n\t\t\t\t\t<\/div>\n\t\t\n\t\t\t\t\t\t<\/div>\n\t\t\t\t<\/div>\n\t\t\t\t\t<\/div>\n\t\t<\/div>\n\t\t\t\t\t<\/div>\n\t\t<\/section>\n\t\t\t\t<\/div>","protected":false},"excerpt":{"rendered":"<p>Cristian Perruzza co-foundersoftware engineer &amp; web developer cristian.perruzza@ultrawebstudio.it Linkedin Cristian \u00e8 il nostro co-founder e\u00a0web developer,&#8230; <br \/><a href=\"https:\/\/www.ultrawebstudio.it\/hu\/team\/cristian-perruzza\/\" class=\"onovo-btn onovo-hover-btn\"><span>Read more<\/span><\/a><\/p>","protected":false},"author":1,"featured_media":0,"parent":2739,"menu_order":0,"comment_status":"closed","ping_status":"closed","template":"","meta":{"footnotes":""},"class_list":["post-6245","page","type-page","status-publish","hentry"],"acf":[],"_links":{"self":[{"href":"https:\/\/www.ultrawebstudio.it\/hu\/wp-json\/wp\/v2\/pages\/6245","targetHints":{"allow":["GET"]}}],"collection":[{"href":"https:\/\/www.ultrawebstudio.it\/hu\/wp-json\/wp\/v2\/pages"}],"about":[{"href":"https:\/\/www.ultrawebstudio.it\/hu\/wp-json\/wp\/v2\/types\/page"}],"author":[{"embeddable":true,"href":"https:\/\/www.ultrawebstudio.it\/hu\/wp-json\/wp\/v2\/users\/1"}],"replies":[{"embeddable":true,"href":"https:\/\/www.ultrawebstudio.it\/hu\/wp-json\/wp\/v2\/comments?post=6245"}],"version-history":[{"count":157,"href":"https:\/\/www.ultrawebstudio.it\/hu\/wp-json\/wp\/v2\/pages\/6245\/revisions"}],"predecessor-version":[{"id":8299,"href":"https:\/\/www.ultrawebstudio.it\/hu\/wp-json\/wp\/v2\/pages\/6245\/revisions\/8299"}],"up":[{"embeddable":true,"href":"https:\/\/www.ultrawebstudio.it\/hu\/wp-json\/wp\/v2\/pages\/2739"}],"wp:attachment":[{"href":"https:\/\/www.ultrawebstudio.it\/hu\/wp-json\/wp\/v2\/media?parent=6245"}],"curies":[{"name":"wp","href":"https:\/\/api.w.org\/{rel}","templated":true}]}}