{"id":6262,"date":"2023-09-21T09:35:12","date_gmt":"2023-09-21T09:35:12","guid":{"rendered":"https:\/\/www.ultrawebstudio.it\/?page_id=6262"},"modified":"2024-09-13T11:06:15","modified_gmt":"2024-09-13T11:06:15","slug":"simone-costa","status":"publish","type":"page","link":"https:\/\/www.ultrawebstudio.it\/hu\/team\/simone-costa\/","title":{"rendered":"Simone Costa"},"content":{"rendered":"<div data-elementor-type=\"wp-page\" data-elementor-id=\"6262\" class=\"elementor elementor-6262\">\n\t\t\t\t\t\t<section class=\"elementor-section elementor-top-section elementor-element elementor-element-d79459d elementor-section-stretched elementor-section-boxed elementor-section-height-default elementor-section-height-default\" data-id=\"d79459d\" data-element_type=\"section\" data-e-type=\"section\" data-settings=\"{&quot;stretch_section&quot;:&quot;section-stretched&quot;}\">\n\t\t\t\t\t\t<div class=\"elementor-container elementor-column-gap-no\">\n\t\t\t\t\t<div class=\"elementor-column elementor-col-100 elementor-top-column elementor-element elementor-element-087d126\" data-id=\"087d126\" data-element_type=\"column\" data-e-type=\"column\">\n\t\t\t<div class=\"elementor-widget-wrap elementor-element-populated\">\n\t\t\t\t\t\t<section class=\"elementor-section elementor-inner-section elementor-element elementor-element-f427a05 elementor-section-full_width elementor-section-content-middle elementor-section-height-default elementor-section-height-default\" data-id=\"f427a05\" data-element_type=\"section\" data-e-type=\"section\">\n\t\t\t\t\t\t<div class=\"elementor-container elementor-column-gap-no\">\n\t\t\t\t\t<div class=\"elementor-column elementor-col-50 elementor-inner-column elementor-element elementor-element-aa756aa\" data-id=\"aa756aa\" data-element_type=\"column\" data-e-type=\"column\">\n\t\t\t<div class=\"elementor-widget-wrap elementor-element-populated\">\n\t\t\t\t\t\t<div class=\"elementor-element elementor-element-439bd43 elementor-widget elementor-widget-image\" data-id=\"439bd43\" data-element_type=\"widget\" data-e-type=\"widget\" data-widget_type=\"image.default\">\n\t\t\t\t<div class=\"elementor-widget-container\">\n\t\t\t\t\t\t\t\t\t\t\t\t\t\t\t<img decoding=\"async\" src=\"https:\/\/www.ultrawebstudio.it\/wp-content\/uploads\/elementor\/thumbs\/1914_simone-1-qdrhh7lwmw01rrlz84weap58om4415mjun61hchqco.png\" title=\"1914_simone (1)\" alt=\"1914_simone (1)\" loading=\"lazy\" \/>\t\t\t\t\t\t\t\t\t\t\t\t\t\t\t<\/div>\n\t\t\t\t<\/div>\n\t\t\t\t\t<\/div>\n\t\t<\/div>\n\t\t\t\t<div class=\"elementor-column elementor-col-50 elementor-inner-column elementor-element elementor-element-3b747ba\" data-id=\"3b747ba\" data-element_type=\"column\" data-e-type=\"column\">\n\t\t\t<div class=\"elementor-widget-wrap elementor-element-populated\">\n\t\t\t\t\t\t<div class=\"elementor-element elementor-element-cc7aa56 elementor-widget elementor-widget-heading\" data-id=\"cc7aa56\" data-element_type=\"widget\" data-e-type=\"widget\" data-widget_type=\"heading.default\">\n\t\t\t\t<div class=\"elementor-widget-container\">\n\t\t\t\t\t<h2 class=\"elementor-heading-title elementor-size-default\">Simone Costa<\/h2>\t\t\t\t<\/div>\n\t\t\t\t<\/div>\n\t\t\t\t<div class=\"elementor-element elementor-element-ba27e89 elementor-widget elementor-widget-heading\" data-id=\"ba27e89\" data-element_type=\"widget\" data-e-type=\"widget\" data-widget_type=\"heading.default\">\n\t\t\t\t<div class=\"elementor-widget-container\">\n\t\t\t\t\t<div class=\"elementor-heading-title elementor-size-default\">co-founder<br>digital strategist &amp; meta ads expert<\/div>\t\t\t\t<\/div>\n\t\t\t\t<\/div>\n\t\t\t\t<div class=\"elementor-element elementor-element-595fcc5 elementor-widget elementor-widget-onovo-team-info\" data-id=\"595fcc5\" data-element_type=\"widget\" data-e-type=\"widget\" data-widget_type=\"onovo-team-info.default\">\n\t\t\t\t<div class=\"elementor-widget-container\">\n\t\t\t\t\t\n        \t\t<div class=\"onovo-team-info\">\n            <ul>\n                                <li>\n                                                                                <a target=\"_blank\" rel=\"nofollow\" href=\"mailto:simone.costa@ultrawebstudio.it\" class=\"onovo-lnk\">                        <span  data-splitting data-onovo-scroll>\n                            simone.costa@ultrawebstudio.it                        <\/span>\n                    <\/a>\t\t\t\t\t                <\/li>\n                            <\/ul>\n\t\t<\/div>\n\t\t\n\t\t\t\t\t\t<\/div>\n\t\t\t\t<\/div>\n\t\t\t\t<div class=\"elementor-element elementor-element-63aa695 elementor-shape-circle e-grid-align-left elementor-grid-0 elementor-widget elementor-widget-social-icons\" data-id=\"63aa695\" data-element_type=\"widget\" data-e-type=\"widget\" data-widget_type=\"social-icons.default\">\n\t\t\t\t<div class=\"elementor-widget-container\">\n\t\t\t\t\t\t\t<div class=\"elementor-social-icons-wrapper elementor-grid\">\n\t\t\t\t\t\t\t<span class=\"elementor-grid-item\">\n\t\t\t\t\t<a class=\"elementor-icon elementor-social-icon elementor-social-icon-linkedin elementor-repeater-item-5c9a045\" href=\"https:\/\/www.linkedin.com\/in\/costa-simone\/\" target=\"_blank\">\n\t\t\t\t\t\t<span class=\"elementor-screen-only\">Linkedin<\/span>\n\t\t\t\t\t\t<i aria-hidden=\"true\" class=\"fab fa-linkedin\"><\/i>\t\t\t\t\t<\/a>\n\t\t\t\t<\/span>\n\t\t\t\t\t<\/div>\n\t\t\t\t\t\t<\/div>\n\t\t\t\t<\/div>\n\t\t\t\t\t<\/div>\n\t\t<\/div>\n\t\t\t\t\t<\/div>\n\t\t<\/section>\n\t\t\t\t\t<\/div>\n\t\t<\/div>\n\t\t\t\t\t<\/div>\n\t\t<\/section>\n\t\t\t\t<section class=\"elementor-section elementor-top-section elementor-element elementor-element-f37f402 elementor-section-stretched elementor-section-boxed elementor-section-height-default elementor-section-height-default\" data-id=\"f37f402\" data-element_type=\"section\" data-e-type=\"section\" data-settings=\"{&quot;stretch_section&quot;:&quot;section-stretched&quot;}\">\n\t\t\t\t\t\t<div class=\"elementor-container elementor-column-gap-default\">\n\t\t\t\t\t<div class=\"elementor-column elementor-col-100 elementor-top-column elementor-element elementor-element-a7cd0a1\" data-id=\"a7cd0a1\" data-element_type=\"column\" data-e-type=\"column\">\n\t\t\t<div class=\"elementor-widget-wrap elementor-element-populated\">\n\t\t\t\t\t\t<div class=\"elementor-element elementor-element-b826bb8 elementor-widget elementor-widget-spacer\" data-id=\"b826bb8\" data-element_type=\"widget\" data-e-type=\"widget\" data-widget_type=\"spacer.default\">\n\t\t\t\t<div class=\"elementor-widget-container\">\n\t\t\t\t\t\t\t<div class=\"elementor-spacer\">\n\t\t\t<div class=\"elementor-spacer-inner\"><\/div>\n\t\t<\/div>\n\t\t\t\t\t\t<\/div>\n\t\t\t\t<\/div>\n\t\t\t\t<div class=\"elementor-element elementor-element-7c74ea8 elementor-widget elementor-widget-text-editor\" data-id=\"7c74ea8\" data-element_type=\"widget\" data-e-type=\"widget\" data-widget_type=\"text-editor.default\">\n\t\t\t\t<div class=\"elementor-widget-container\">\n\t\t\t\t\t\t\t\t\t<p class=\"translation-block\">Simone magasan k\u00e9pzett digit\u00e1lis marketing szakember, aki sz\u00e9lesk\u00f6r\u0171 tud\u00e1s\u00e1t elismert marketing \u00e9s kreat\u00edv kommunik\u00e1ci\u00f3s \u00fcgyn\u00f6ks\u00e9gekn\u00e9l zsebelte be. \u00dcgyfelei nagyra \u00e9rt\u00e9kelik rendk\u00edv\u00fcli precizit\u00e1s\u00e1t \u00e9s technikai megold\u00e1sok ir\u00e1nti szenved\u00e9ly\u00e9t, melyek akkor teljesednek ki, amikor digit\u00e1lis kamp\u00e1nyok megval\u00f3s\u00edt\u00e1s\u00e1n dolgozik, vagy \u00e9ppen t\u00f6bbl\u00e9pcs\u0151s kommunik\u00e1ci\u00f3s csatorn\u00e1kat \u00e9p\u00edt fel megrendel\u0151i r\u00e9sz\u00e9re.<\/p><p class=\"translation-block\">folyamatosan k\u00f6veti a leg\u00fajabb hirdet\u00e9si \u00e9s social media trendeket, \u00edgy Simone sz\u00e1m\u00e1ra nem l\u00e9tezik olyan, hogy megoldhatatlan feladat: megb\u00edz\u00e1sai sor\u00e1n mindig a 100%-ot ny\u00fajtja.<\/p><p class=\"translation-block\">ha j\u00f3l m\u00e9rhet\u0151, pontos eredm\u00e9nyekre v\u00e1gysz, projekted n\u00e1la biztos kezekben lesz!<\/p>\t\t\t\t\t\t\t\t<\/div>\n\t\t\t\t<\/div>\n\t\t\t\t\t<\/div>\n\t\t<\/div>\n\t\t\t\t\t<\/div>\n\t\t<\/section>\n\t\t\t\t<section class=\"elementor-section elementor-top-section elementor-element elementor-element-fff78cd elementor-section-stretched elementor-section-boxed elementor-section-height-default elementor-section-height-default\" data-id=\"fff78cd\" data-element_type=\"section\" data-e-type=\"section\" data-settings=\"{&quot;stretch_section&quot;:&quot;section-stretched&quot;}\">\n\t\t\t\t\t\t<div class=\"elementor-container elementor-column-gap-default\">\n\t\t\t\t\t<div class=\"elementor-column elementor-col-100 elementor-top-column elementor-element elementor-element-c0303fd\" data-id=\"c0303fd\" data-element_type=\"column\" data-e-type=\"column\">\n\t\t\t<div class=\"elementor-widget-wrap elementor-element-populated\">\n\t\t\t\t\t\t<div class=\"elementor-element elementor-element-668e48b elementor-invisible elementor-widget elementor-widget-heading\" data-id=\"668e48b\" data-element_type=\"widget\" data-e-type=\"widget\" data-settings=\"{&quot;_animation&quot;:&quot;fadeInDown&quot;}\" data-widget_type=\"heading.default\">\n\t\t\t\t<div class=\"elementor-widget-container\">\n\t\t\t\t\t<h2 class=\"elementor-heading-title elementor-size-default\"><br>a k\u00f6vetkez\u0151 ter\u00fcletek igazi mestere:<\/h2>\t\t\t\t<\/div>\n\t\t\t\t<\/div>\n\t\t\t\t<div class=\"elementor-element elementor-element-a39b37b elementor-widget elementor-widget-onovo-services-list\" data-id=\"a39b37b\" data-element_type=\"widget\" data-e-type=\"widget\" data-widget_type=\"onovo-services-list.default\">\n\t\t\t\t<div class=\"elementor-widget-container\">\n\t\t\t\t\t\t\t\n\t\t\t\t<div class=\"onovo-services-list\">\n\t\t\t\t\t\t<div class=\"onovo-service-item-list\">\n\t\t\t\t<div class=\"onovo-service-item-list-inner\">\n\t\t\t\t\t\t\t\t\t\t\t\t\t\t\t<div class=\"image\">\n\t\t\t\t\t\t<div class=\"icon\"><i aria-hidden=\"true\" class=\"fas fa-chess\"><\/i><\/div>\n\t\t\t\t\t<\/div>\n\t\t\t\t\t\t\t\t\t\t\t\t\t\t\t\t\t\t\t\t\t\t\t\t\t\t\t\t\t\t<h5 class=\"title\">\n\t\t\t\t\t\t\t\t\t\t\t\t\t<span >\n\t\t\t\t\t\t\t\tonline strat\u00e9gia\t\t\t\t\t\t\t<\/span>\n\t\t\t\t\t\t<\/a>\t\t\t\t\t<\/h5>\n\t\t\t\t\t\t\t\t\t\t\t\t\t\t<\/div>\n\t\t\t<\/div>\n\t\t\t\t\t\t<div class=\"onovo-service-item-list\">\n\t\t\t\t<div class=\"onovo-service-item-list-inner\">\n\t\t\t\t\t\t\t\t\t\t\t\t\t\t\t<div class=\"image\">\n\t\t\t\t\t\t<div class=\"icon\"><i aria-hidden=\"true\" class=\"fas fa-mail-bulk\"><\/i><\/div>\n\t\t\t\t\t<\/div>\n\t\t\t\t\t\t\t\t\t\t\t\t\t\t\t\t\t\t\t\t\t\t\t\t\t\t\t\t\t\t<h5 class=\"title\">\n\t\t\t\t\t\t\t\t\t\t\t\t\t<span >\n\t\t\t\t\t\t\t\te-mail marketing\t\t\t\t\t\t\t<\/span>\n\t\t\t\t\t\t<\/a>\t\t\t\t\t<\/h5>\n\t\t\t\t\t\t\t\t\t\t\t\t\t\t<\/div>\n\t\t\t<\/div>\n\t\t\t\t\t\t<div class=\"onovo-service-item-list\">\n\t\t\t\t<div class=\"onovo-service-item-list-inner\">\n\t\t\t\t\t\t\t\t\t\t\t\t\t\t\t<div class=\"image\">\n\t\t\t\t\t\t<div class=\"icon\"><i aria-hidden=\"true\" class=\"fas fa-edit\"><\/i><\/div>\n\t\t\t\t\t<\/div>\n\t\t\t\t\t\t\t\t\t\t\t\t\t\t\t\t\t\t\t\t\t\t\t\t\t\t\t\t\t\t<h5 class=\"title\">\n\t\t\t\t\t\t\t\t\t\t\t\t\t<span >\n\t\t\t\t\t\t\t\tsz\u00f6veg\u00edr\u00e1s\t\t\t\t\t\t\t<\/span>\n\t\t\t\t\t\t<\/a>\t\t\t\t\t<\/h5>\n\t\t\t\t\t\t\t\t\t\t\t\t\t\t<\/div>\n\t\t\t<\/div>\n\t\t\t\t\t\t<div class=\"onovo-service-item-list\">\n\t\t\t\t<div class=\"onovo-service-item-list-inner\">\n\t\t\t\t\t\t\t\t\t\t\t\t\t\t\t<div class=\"image\">\n\t\t\t\t\t\t<div class=\"icon\"><i aria-hidden=\"true\" class=\"fab fa-facebook\"><\/i><\/div>\n\t\t\t\t\t<\/div>\n\t\t\t\t\t\t\t\t\t\t\t\t\t\t\t\t\t\t\t\t\t\t\t\t\t\t\t\t\t\t<h5 class=\"title\">\n\t\t\t\t\t\t\t\t\t\t\t\t\t<span >\n\t\t\t\t\t\t\t\tMeta fel\u00fcletek hirdet\u00e9sei\t\t\t\t\t\t\t<\/span>\n\t\t\t\t\t\t<\/a>\t\t\t\t\t<\/h5>\n\t\t\t\t\t\t\t\t\t\t\t\t\t\t<\/div>\n\t\t\t<\/div>\n\t\t\t\t\t\t<div class=\"onovo-service-item-list\">\n\t\t\t\t<div class=\"onovo-service-item-list-inner\">\n\t\t\t\t\t\t\t\t\t\t\t\t\t\t\t<div class=\"image\">\n\t\t\t\t\t\t<div class=\"icon\"><i aria-hidden=\"true\" class=\"fab fa-linkedin-in\"><\/i><\/div>\n\t\t\t\t\t<\/div>\n\t\t\t\t\t\t\t\t\t\t\t\t\t\t\t\t\t\t\t\t\t\t\t\t\t\t\t\t\t\t<h5 class=\"title\">\n\t\t\t\t\t\t\t\t\t\t\t\t\t<span >\n\t\t\t\t\t\t\t\tLinkedin hirdet\u00e9sek\t\t\t\t\t\t\t<\/span>\n\t\t\t\t\t\t<\/a>\t\t\t\t\t<\/h5>\n\t\t\t\t\t\t\t\t\t\t\t\t\t\t<\/div>\n\t\t\t<\/div>\n\t\t\t\t\t<\/div>\n\t\t\n\t\t\t\t\t\t<\/div>\n\t\t\t\t<\/div>\n\t\t\t\t\t<\/div>\n\t\t<\/div>\n\t\t\t\t\t<\/div>\n\t\t<\/section>\n\t\t\t\t<\/div>","protected":false},"excerpt":{"rendered":"<p>Simone Costa co-founderdigital strategist &amp; meta ads expert simone.costa@ultrawebstudio.it Linkedin Simone,\u00a0nostro Co-founder, Digital Strategist ed esperto\u00a0Meta&#8230; <br \/><a href=\"https:\/\/www.ultrawebstudio.it\/hu\/team\/simone-costa\/\" class=\"onovo-btn onovo-hover-btn\"><span>Read more<\/span><\/a><\/p>","protected":false},"author":1,"featured_media":0,"parent":2739,"menu_order":0,"comment_status":"closed","ping_status":"closed","template":"","meta":{"footnotes":""},"class_list":["post-6262","page","type-page","status-publish","hentry"],"acf":[],"_links":{"self":[{"href":"https:\/\/www.ultrawebstudio.it\/hu\/wp-json\/wp\/v2\/pages\/6262","targetHints":{"allow":["GET"]}}],"collection":[{"href":"https:\/\/www.ultrawebstudio.it\/hu\/wp-json\/wp\/v2\/pages"}],"about":[{"href":"https:\/\/www.ultrawebstudio.it\/hu\/wp-json\/wp\/v2\/types\/page"}],"author":[{"embeddable":true,"href":"https:\/\/www.ultrawebstudio.it\/hu\/wp-json\/wp\/v2\/users\/1"}],"replies":[{"embeddable":true,"href":"https:\/\/www.ultrawebstudio.it\/hu\/wp-json\/wp\/v2\/comments?post=6262"}],"version-history":[{"count":145,"href":"https:\/\/www.ultrawebstudio.it\/hu\/wp-json\/wp\/v2\/pages\/6262\/revisions"}],"predecessor-version":[{"id":8308,"href":"https:\/\/www.ultrawebstudio.it\/hu\/wp-json\/wp\/v2\/pages\/6262\/revisions\/8308"}],"up":[{"embeddable":true,"href":"https:\/\/www.ultrawebstudio.it\/hu\/wp-json\/wp\/v2\/pages\/2739"}],"wp:attachment":[{"href":"https:\/\/www.ultrawebstudio.it\/hu\/wp-json\/wp\/v2\/media?parent=6262"}],"curies":[{"name":"wp","href":"https:\/\/api.w.org\/{rel}","templated":true}]}}