{"id":6267,"date":"2023-09-21T09:38:22","date_gmt":"2023-09-21T09:38:22","guid":{"rendered":"https:\/\/www.ultrawebstudio.it\/?page_id=6267"},"modified":"2024-09-13T11:11:31","modified_gmt":"2024-09-13T11:11:31","slug":"monika-popladek","status":"publish","type":"page","link":"https:\/\/www.ultrawebstudio.it\/hu\/team\/monika-popladek\/","title":{"rendered":"M\u00f3nika Popladek\u200b"},"content":{"rendered":"<div data-elementor-type=\"wp-page\" data-elementor-id=\"6267\" class=\"elementor elementor-6267\">\n\t\t\t\t\t\t<section class=\"elementor-section elementor-top-section elementor-element elementor-element-19dd7e5 elementor-section-stretched elementor-section-boxed elementor-section-height-default elementor-section-height-default\" data-id=\"19dd7e5\" data-element_type=\"section\" data-e-type=\"section\" data-settings=\"{&quot;stretch_section&quot;:&quot;section-stretched&quot;}\">\n\t\t\t\t\t\t<div class=\"elementor-container elementor-column-gap-no\">\n\t\t\t\t\t<div class=\"elementor-column elementor-col-100 elementor-top-column elementor-element elementor-element-bd5bda5\" data-id=\"bd5bda5\" data-element_type=\"column\" data-e-type=\"column\">\n\t\t\t<div class=\"elementor-widget-wrap elementor-element-populated\">\n\t\t\t\t\t\t<section class=\"elementor-section elementor-inner-section elementor-element elementor-element-74ab0ba elementor-section-full_width elementor-section-content-middle elementor-section-height-default elementor-section-height-default\" data-id=\"74ab0ba\" data-element_type=\"section\" data-e-type=\"section\">\n\t\t\t\t\t\t<div class=\"elementor-container elementor-column-gap-no\">\n\t\t\t\t\t<div class=\"elementor-column elementor-col-50 elementor-inner-column elementor-element elementor-element-80d0809\" data-id=\"80d0809\" data-element_type=\"column\" data-e-type=\"column\">\n\t\t\t<div class=\"elementor-widget-wrap elementor-element-populated\">\n\t\t\t\t\t\t<div class=\"elementor-element elementor-element-b6ae628 elementor-widget elementor-widget-image\" data-id=\"b6ae628\" data-element_type=\"widget\" data-e-type=\"widget\" data-widget_type=\"image.default\">\n\t\t\t\t<div class=\"elementor-widget-container\">\n\t\t\t\t\t\t\t\t\t\t\t\t\t\t\t<img decoding=\"async\" src=\"https:\/\/www.ultrawebstudio.it\/wp-content\/uploads\/elementor\/thumbs\/1914_moni-qdq07i9ra4t4zv6k9p4pr4h6hg8czth3uw2mndw2w8.png\" title=\"1914_moni\" alt=\"1914_moni\" loading=\"lazy\" \/>\t\t\t\t\t\t\t\t\t\t\t\t\t\t\t<\/div>\n\t\t\t\t<\/div>\n\t\t\t\t\t<\/div>\n\t\t<\/div>\n\t\t\t\t<div class=\"elementor-column elementor-col-50 elementor-inner-column elementor-element elementor-element-2821123\" data-id=\"2821123\" data-element_type=\"column\" data-e-type=\"column\">\n\t\t\t<div class=\"elementor-widget-wrap elementor-element-populated\">\n\t\t\t\t\t\t<div class=\"elementor-element elementor-element-9e93580 elementor-widget elementor-widget-heading\" data-id=\"9e93580\" data-element_type=\"widget\" data-e-type=\"widget\" data-widget_type=\"heading.default\">\n\t\t\t\t<div class=\"elementor-widget-container\">\n\t\t\t\t\t<h2 class=\"elementor-heading-title elementor-size-default\">M\u00f3nika Popladek<\/h2>\t\t\t\t<\/div>\n\t\t\t\t<\/div>\n\t\t\t\t<div class=\"elementor-element elementor-element-b455e60 elementor-widget elementor-widget-heading\" data-id=\"b455e60\" data-element_type=\"widget\" data-e-type=\"widget\" data-widget_type=\"heading.default\">\n\t\t\t\t<div class=\"elementor-widget-container\">\n\t\t\t\t\t<div class=\"elementor-heading-title elementor-size-default\">graphic &amp;\nweb designer<\/div>\t\t\t\t<\/div>\n\t\t\t\t<\/div>\n\t\t\t\t<div class=\"elementor-element elementor-element-c01195d elementor-widget elementor-widget-onovo-team-info\" data-id=\"c01195d\" data-element_type=\"widget\" data-e-type=\"widget\" data-widget_type=\"onovo-team-info.default\">\n\t\t\t\t<div class=\"elementor-widget-container\">\n\t\t\t\t\t\n        \t\t<div class=\"onovo-team-info\">\n            <ul>\n                                <li>\n                                                                                <a target=\"_blank\" rel=\"nofollow\" href=\"mailto:monika.popladek@ultrawebstudio.it\" class=\"onovo-lnk\">                        <span  data-splitting data-onovo-scroll>\n                            monika.popladek@ultrawebstudio.it                        <\/span>\n                    <\/a>\t\t\t\t\t                <\/li>\n                            <\/ul>\n\t\t<\/div>\n\t\t\n\t\t\t\t\t\t<\/div>\n\t\t\t\t<\/div>\n\t\t\t\t<div class=\"elementor-element elementor-element-b1a1997 elementor-shape-circle e-grid-align-left elementor-grid-0 elementor-widget elementor-widget-social-icons\" data-id=\"b1a1997\" data-element_type=\"widget\" data-e-type=\"widget\" data-widget_type=\"social-icons.default\">\n\t\t\t\t<div class=\"elementor-widget-container\">\n\t\t\t\t\t\t\t<div class=\"elementor-social-icons-wrapper elementor-grid\">\n\t\t\t\t\t\t\t<span class=\"elementor-grid-item\">\n\t\t\t\t\t<a class=\"elementor-icon elementor-social-icon elementor-social-icon-linkedin elementor-repeater-item-5c9a045\" href=\"https:\/\/www.linkedin.com\/in\/popladek-m%C3%B3nika-074a78197?lipi=urn%3Ali%3Apage%3Ad_flagship3_profile_view_base_contact_details%3BQMv6d7WoQqmFzJHaxen7tQ%3D%3D\" target=\"_blank\">\n\t\t\t\t\t\t<span class=\"elementor-screen-only\">Linkedin<\/span>\n\t\t\t\t\t\t<i aria-hidden=\"true\" class=\"fab fa-linkedin\"><\/i>\t\t\t\t\t<\/a>\n\t\t\t\t<\/span>\n\t\t\t\t\t<\/div>\n\t\t\t\t\t\t<\/div>\n\t\t\t\t<\/div>\n\t\t\t\t\t<\/div>\n\t\t<\/div>\n\t\t\t\t\t<\/div>\n\t\t<\/section>\n\t\t\t\t\t<\/div>\n\t\t<\/div>\n\t\t\t\t\t<\/div>\n\t\t<\/section>\n\t\t\t\t<section class=\"elementor-section elementor-top-section elementor-element elementor-element-6ce2423 elementor-section-stretched elementor-section-boxed elementor-section-height-default elementor-section-height-default\" data-id=\"6ce2423\" data-element_type=\"section\" data-e-type=\"section\" data-settings=\"{&quot;stretch_section&quot;:&quot;section-stretched&quot;}\">\n\t\t\t\t\t\t<div class=\"elementor-container elementor-column-gap-default\">\n\t\t\t\t\t<div class=\"elementor-column elementor-col-100 elementor-top-column elementor-element elementor-element-39271d2\" data-id=\"39271d2\" data-element_type=\"column\" data-e-type=\"column\">\n\t\t\t<div class=\"elementor-widget-wrap elementor-element-populated\">\n\t\t\t\t\t\t<div class=\"elementor-element elementor-element-6f7818a elementor-widget elementor-widget-spacer\" data-id=\"6f7818a\" data-element_type=\"widget\" data-e-type=\"widget\" data-widget_type=\"spacer.default\">\n\t\t\t\t<div class=\"elementor-widget-container\">\n\t\t\t\t\t\t\t<div class=\"elementor-spacer\">\n\t\t\t<div class=\"elementor-spacer-inner\"><\/div>\n\t\t<\/div>\n\t\t\t\t\t\t<\/div>\n\t\t\t\t<\/div>\n\t\t\t\t<div class=\"elementor-element elementor-element-42c80b4 elementor-widget elementor-widget-text-editor\" data-id=\"42c80b4\" data-element_type=\"widget\" data-e-type=\"widget\" data-widget_type=\"text-editor.default\">\n\t\t\t\t<div class=\"elementor-widget-container\">\n\t\t\t\t\t\t\t\t\t<p class=\"translation-block\">M\u00f3nika m\u00e1r t\u00f6bb mint 15 \u00e9ve foglalkozik grafik\u00e1val, sz\u00e1mos \u00fcgyn\u00f6ks\u00e9g \u00e9s \u00fcgyf\u00e9l munk\u00e1j\u00e1t seg\u00edti legyen sz\u00f3 k\u00f6z\u00e9p - \u00e9s kisv\u00e1llalatokr\u00f3l vagy \u00e9ppen multinacion\u00e1lis c\u00e9gekr\u0151l, bele\u00e9rtve k\u00fclf\u00f6ldi, t\u00f6bb ezer f\u0151t foglalkoztat\u00f3 \u00e1ruh\u00e1zl\u00e1ncolatokat, vend\u00e9gl\u00e1t\u00f3ipari v\u00e1llalatokat, \u00e9s glob\u00e1lis konzult\u00e1ci\u00f3s \u00fcgyn\u00f6ks\u00e9geket.<\/p><p class=\"translation-block\">M\u00f3nika c\u00e9lja, hogy a megrendel\u0151i mindig egyedi \u00e9s magas min\u0151s\u00e9g\u0171 terveket kapjanak k\u00e9zhez, de \u0151t ez nem tartja vissza att\u00f3l, hogy bevon\u00f3djon m\u00e1r a tervez\u00e9s, illetve \u00f6tletel\u00e9s f\u00e1zis\u00e1ba, s\u0151t!<\/p><p class=\"translation-block\">Egy\u00e9rtelm\u0171en kimondhatjuk, hogy munk\u00e1ja egyben a hobbija is, \u00edgy mindig k\u00e9pben van az aktu\u00e1lis trendekkel \u00e9s sz\u00edvesen k\u00e9sz\u00edt egyedi grafikai munk\u00e1kat is.<\/p>\t\t\t\t\t\t\t\t<\/div>\n\t\t\t\t<\/div>\n\t\t\t\t\t<\/div>\n\t\t<\/div>\n\t\t\t\t\t<\/div>\n\t\t<\/section>\n\t\t\t\t<section class=\"elementor-section elementor-top-section elementor-element elementor-element-968db6a elementor-section-stretched elementor-section-boxed elementor-section-height-default elementor-section-height-default\" data-id=\"968db6a\" data-element_type=\"section\" data-e-type=\"section\" data-settings=\"{&quot;stretch_section&quot;:&quot;section-stretched&quot;}\">\n\t\t\t\t\t\t<div class=\"elementor-container elementor-column-gap-default\">\n\t\t\t\t\t<div class=\"elementor-column elementor-col-100 elementor-top-column elementor-element elementor-element-47e7dda\" data-id=\"47e7dda\" data-element_type=\"column\" data-e-type=\"column\">\n\t\t\t<div class=\"elementor-widget-wrap elementor-element-populated\">\n\t\t\t\t\t\t<div class=\"elementor-element elementor-element-6dca991 elementor-invisible elementor-widget elementor-widget-heading\" data-id=\"6dca991\" data-element_type=\"widget\" data-e-type=\"widget\" data-settings=\"{&quot;_animation&quot;:&quot;fadeInRight&quot;}\" data-widget_type=\"heading.default\">\n\t\t\t\t<div class=\"elementor-widget-container\">\n\t\t\t\t\t<h2 class=\"elementor-heading-title elementor-size-default\"><br>nem ismer akad\u00e1lyokat az al\u00e1bbi ter\u00fcleteken:<\/h2>\t\t\t\t<\/div>\n\t\t\t\t<\/div>\n\t\t\t\t<div class=\"elementor-element elementor-element-9890c45 elementor-widget elementor-widget-onovo-services-list\" data-id=\"9890c45\" data-element_type=\"widget\" data-e-type=\"widget\" data-widget_type=\"onovo-services-list.default\">\n\t\t\t\t<div class=\"elementor-widget-container\">\n\t\t\t\t\t\t\t\n\t\t\t\t<div class=\"onovo-services-list\">\n\t\t\t\t\t\t<div class=\"onovo-service-item-list\">\n\t\t\t\t<div class=\"onovo-service-item-list-inner\">\n\t\t\t\t\t\t\t\t\t\t\t\t\t\t\t<div class=\"image\">\n\t\t\t\t\t\t<div class=\"icon\"><i aria-hidden=\"true\" class=\"far fa-eye\"><\/i><\/div>\n\t\t\t\t\t<\/div>\n\t\t\t\t\t\t\t\t\t\t\t\t\t\t\t\t\t\t\t\t\t\t\t\t\t\t\t\t\t\t<h5 class=\"title\">\n\t\t\t\t\t\t\t\t\t\t\t\t\t<span >\n\t\t\t\t\t\t\t\tteljesk\u00f6r\u0171 arculattervez\u00e9s \t\t\t\t\t\t\t<\/span>\n\t\t\t\t\t\t<\/a>\t\t\t\t\t<\/h5>\n\t\t\t\t\t\t\t\t\t\t\t\t\t\t<\/div>\n\t\t\t<\/div>\n\t\t\t\t\t\t<div class=\"onovo-service-item-list\">\n\t\t\t\t<div class=\"onovo-service-item-list-inner\">\n\t\t\t\t\t\t\t\t\t\t\t\t\t\t\t<div class=\"image\">\n\t\t\t\t\t\t<div class=\"icon\"><i aria-hidden=\"true\" class=\"fas fa-magic\"><\/i><\/div>\n\t\t\t\t\t<\/div>\n\t\t\t\t\t\t\t\t\t\t\t\t\t\t\t\t\t\t\t\t\t\t\t\t\t\t\t\t\t\t<h5 class=\"title\">\n\t\t\t\t\t\t\t\t\t\t\t\t\t<span >\n\t\t\t\t\t\t\t\twebdiz\u00e1jn\t\t\t\t\t\t\t<\/span>\n\t\t\t\t\t\t<\/a>\t\t\t\t\t<\/h5>\n\t\t\t\t\t\t\t\t\t\t\t\t\t\t<\/div>\n\t\t\t<\/div>\n\t\t\t\t\t\t<div class=\"onovo-service-item-list\">\n\t\t\t\t<div class=\"onovo-service-item-list-inner\">\n\t\t\t\t\t\t\t\t\t\t\t\t\t\t\t<div class=\"image\">\n\t\t\t\t\t\t<div class=\"icon\"><i aria-hidden=\"true\" class=\"fab fa-instagram\"><\/i><\/div>\n\t\t\t\t\t<\/div>\n\t\t\t\t\t\t\t\t\t\t\t\t\t\t\t\t\t\t\t\t\t\t\t\t\t\t\t\t\t\t<h5 class=\"title\">\n\t\t\t\t\t\t\t\t\t\t\t\t\t<span >\n\t\t\t\t\t\t\t\tbannerek, social media posztok \u00e9s hirdet\u00e9sek\t\t\t\t\t\t\t<\/span>\n\t\t\t\t\t\t<\/a>\t\t\t\t\t<\/h5>\n\t\t\t\t\t\t\t\t\t\t\t\t\t\t<\/div>\n\t\t\t<\/div>\n\t\t\t\t\t\t<div class=\"onovo-service-item-list\">\n\t\t\t\t<div class=\"onovo-service-item-list-inner\">\n\t\t\t\t\t\t\t\t\t\t\t\t\t\t\t<div class=\"image\">\n\t\t\t\t\t\t<div class=\"icon\"><i aria-hidden=\"true\" class=\"far fa-lightbulb\"><\/i><\/div>\n\t\t\t\t\t<\/div>\n\t\t\t\t\t\t\t\t\t\t\t\t\t\t\t\t\t\t\t\t\t\t\t\t\t\t\t\t\t\t<h5 class=\"title\">\n\t\t\t\t\t\t\t\t\t\t\t\t\t<span >\n\t\t\t\t\t\t\t\tbrand elemek tervez\u00e9se\t\t\t\t\t\t\t<\/span>\n\t\t\t\t\t\t<\/a>\t\t\t\t\t<\/h5>\n\t\t\t\t\t\t\t\t\t\t\t\t\t\t<\/div>\n\t\t\t<\/div>\n\t\t\t\t\t\t<div class=\"onovo-service-item-list\">\n\t\t\t\t<div class=\"onovo-service-item-list-inner\">\n\t\t\t\t\t\t\t\t\t\t\t\t\t\t\t<div class=\"image\">\n\t\t\t\t\t\t<div class=\"icon\"><i aria-hidden=\"true\" class=\"fas fa-pencil-alt\"><\/i><\/div>\n\t\t\t\t\t<\/div>\n\t\t\t\t\t\t\t\t\t\t\t\t\t\t\t\t\t\t\t\t\t\t\t\t\t\t\t\t\t\t<h5 class=\"title\">\n\t\t\t\t\t\t\t\t\t\t\t\t\t<span >\n\t\t\t\t\t\t\t\tfaldekor\u00e1ci\u00f3k\t\t\t\t\t\t\t<\/span>\n\t\t\t\t\t\t<\/a>\t\t\t\t\t<\/h5>\n\t\t\t\t\t\t\t\t\t\t\t\t\t\t<\/div>\n\t\t\t<\/div>\n\t\t\t\t\t<\/div>\n\t\t\n\t\t\t\t\t\t<\/div>\n\t\t\t\t<\/div>\n\t\t\t\t\t<\/div>\n\t\t<\/div>\n\t\t\t\t\t<\/div>\n\t\t<\/section>\n\t\t\t\t<\/div>","protected":false},"excerpt":{"rendered":"<p>M\u00f3nika Popladek graphic &#038; web designer monika.popladek@ultrawebstudio.it Linkedin M\u00f3nika \u00e8 la nostra grafica e web designer&#8230; <br \/><a href=\"https:\/\/www.ultrawebstudio.it\/hu\/team\/monika-popladek\/\" class=\"onovo-btn onovo-hover-btn\"><span>Read more<\/span><\/a><\/p>","protected":false},"author":1,"featured_media":0,"parent":2739,"menu_order":0,"comment_status":"closed","ping_status":"closed","template":"","meta":{"footnotes":""},"class_list":["post-6267","page","type-page","status-publish","hentry"],"acf":[],"_links":{"self":[{"href":"https:\/\/www.ultrawebstudio.it\/hu\/wp-json\/wp\/v2\/pages\/6267","targetHints":{"allow":["GET"]}}],"collection":[{"href":"https:\/\/www.ultrawebstudio.it\/hu\/wp-json\/wp\/v2\/pages"}],"about":[{"href":"https:\/\/www.ultrawebstudio.it\/hu\/wp-json\/wp\/v2\/types\/page"}],"author":[{"embeddable":true,"href":"https:\/\/www.ultrawebstudio.it\/hu\/wp-json\/wp\/v2\/users\/1"}],"replies":[{"embeddable":true,"href":"https:\/\/www.ultrawebstudio.it\/hu\/wp-json\/wp\/v2\/comments?post=6267"}],"version-history":[{"count":128,"href":"https:\/\/www.ultrawebstudio.it\/hu\/wp-json\/wp\/v2\/pages\/6267\/revisions"}],"predecessor-version":[{"id":8326,"href":"https:\/\/www.ultrawebstudio.it\/hu\/wp-json\/wp\/v2\/pages\/6267\/revisions\/8326"}],"up":[{"embeddable":true,"href":"https:\/\/www.ultrawebstudio.it\/hu\/wp-json\/wp\/v2\/pages\/2739"}],"wp:attachment":[{"href":"https:\/\/www.ultrawebstudio.it\/hu\/wp-json\/wp\/v2\/media?parent=6267"}],"curies":[{"name":"wp","href":"https:\/\/api.w.org\/{rel}","templated":true}]}}