{"id":6272,"date":"2023-09-21T09:40:30","date_gmt":"2023-09-21T09:40:30","guid":{"rendered":"https:\/\/www.ultrawebstudio.it\/?page_id=6272"},"modified":"2024-09-13T11:01:32","modified_gmt":"2024-09-13T11:01:32","slug":"reka-golacs","status":"publish","type":"page","link":"https:\/\/www.ultrawebstudio.it\/hu\/team\/reka-golacs\/","title":{"rendered":"R\u00e9ka Gol\u00e0cs"},"content":{"rendered":"<div data-elementor-type=\"wp-page\" data-elementor-id=\"6272\" class=\"elementor elementor-6272\">\n\t\t\t\t\t\t<section class=\"elementor-section elementor-top-section elementor-element elementor-element-ccac997 elementor-section-stretched elementor-section-boxed elementor-section-height-default elementor-section-height-default\" data-id=\"ccac997\" data-element_type=\"section\" data-e-type=\"section\" data-settings=\"{&quot;stretch_section&quot;:&quot;section-stretched&quot;}\">\n\t\t\t\t\t\t<div class=\"elementor-container elementor-column-gap-no\">\n\t\t\t\t\t<div class=\"elementor-column elementor-col-100 elementor-top-column elementor-element elementor-element-f256b05\" data-id=\"f256b05\" data-element_type=\"column\" data-e-type=\"column\">\n\t\t\t<div class=\"elementor-widget-wrap elementor-element-populated\">\n\t\t\t\t\t\t<section class=\"elementor-section elementor-inner-section elementor-element elementor-element-babedf0 elementor-section-full_width elementor-section-content-middle elementor-section-height-default elementor-section-height-default\" data-id=\"babedf0\" data-element_type=\"section\" data-e-type=\"section\">\n\t\t\t\t\t\t<div class=\"elementor-container elementor-column-gap-no\">\n\t\t\t\t\t<div class=\"elementor-column elementor-col-50 elementor-inner-column elementor-element elementor-element-feb03d6\" data-id=\"feb03d6\" data-element_type=\"column\" data-e-type=\"column\">\n\t\t\t<div class=\"elementor-widget-wrap elementor-element-populated\">\n\t\t\t\t\t\t<div class=\"elementor-element elementor-element-a5388fc elementor-widget elementor-widget-image\" data-id=\"a5388fc\" data-element_type=\"widget\" data-e-type=\"widget\" data-widget_type=\"image.default\">\n\t\t\t\t<div class=\"elementor-widget-container\">\n\t\t\t\t\t\t\t\t\t\t\t\t\t\t\t<img decoding=\"async\" src=\"https:\/\/www.ultrawebstudio.it\/wp-content\/uploads\/elementor\/thumbs\/1914_reka-qdpzz6f8pzeo49a3wliq5q54zja9sdeqdnyqk48o14.png\" title=\"1914_reka\" alt=\"1914_reka\" loading=\"lazy\" \/>\t\t\t\t\t\t\t\t\t\t\t\t\t\t\t<\/div>\n\t\t\t\t<\/div>\n\t\t\t\t\t<\/div>\n\t\t<\/div>\n\t\t\t\t<div class=\"elementor-column elementor-col-50 elementor-inner-column elementor-element elementor-element-868f27b\" data-id=\"868f27b\" data-element_type=\"column\" data-e-type=\"column\">\n\t\t\t<div class=\"elementor-widget-wrap elementor-element-populated\">\n\t\t\t\t\t\t<div class=\"elementor-element elementor-element-69204a9 elementor-widget elementor-widget-heading\" data-id=\"69204a9\" data-element_type=\"widget\" data-e-type=\"widget\" data-widget_type=\"heading.default\">\n\t\t\t\t<div class=\"elementor-widget-container\">\n\t\t\t\t\t<h2 class=\"elementor-heading-title elementor-size-default\">R\u00e9ka Gol\u00e0cs<\/h2>\t\t\t\t<\/div>\n\t\t\t\t<\/div>\n\t\t\t\t<div class=\"elementor-element elementor-element-9c4160e elementor-widget elementor-widget-heading\" data-id=\"9c4160e\" data-element_type=\"widget\" data-e-type=\"widget\" data-widget_type=\"heading.default\">\n\t\t\t\t<div class=\"elementor-widget-container\">\n\t\t\t\t\t<div class=\"elementor-heading-title elementor-size-default\">brand marketing &amp;\ncommunication expert<\/div>\t\t\t\t<\/div>\n\t\t\t\t<\/div>\n\t\t\t\t<div class=\"elementor-element elementor-element-a9db0cb elementor-widget elementor-widget-onovo-team-info\" data-id=\"a9db0cb\" data-element_type=\"widget\" data-e-type=\"widget\" data-widget_type=\"onovo-team-info.default\">\n\t\t\t\t<div class=\"elementor-widget-container\">\n\t\t\t\t\t\n        \t\t<div class=\"onovo-team-info\">\n            <ul>\n                                <li>\n                                                                                <a target=\"_blank\" rel=\"nofollow\" href=\"mailto:reka.golacs@ultrawebstudio.it\" class=\"onovo-lnk\">                        <span  data-splitting data-onovo-scroll>\n                            reka.golacs@ultrawebstudio.it                        <\/span>\n                    <\/a>\t\t\t\t\t                <\/li>\n                            <\/ul>\n\t\t<\/div>\n\t\t\n\t\t\t\t\t\t<\/div>\n\t\t\t\t<\/div>\n\t\t\t\t<div class=\"elementor-element elementor-element-4fab6cb elementor-shape-circle e-grid-align-left elementor-grid-0 elementor-widget elementor-widget-social-icons\" data-id=\"4fab6cb\" data-element_type=\"widget\" data-e-type=\"widget\" data-widget_type=\"social-icons.default\">\n\t\t\t\t<div class=\"elementor-widget-container\">\n\t\t\t\t\t\t\t<div class=\"elementor-social-icons-wrapper elementor-grid\">\n\t\t\t\t\t\t\t<span class=\"elementor-grid-item\">\n\t\t\t\t\t<a class=\"elementor-icon elementor-social-icon elementor-social-icon-linkedin elementor-repeater-item-5c9a045\" href=\"https:\/\/www.linkedin.com\/in\/rekagolacsbranding\/\" target=\"_blank\">\n\t\t\t\t\t\t<span class=\"elementor-screen-only\">Linkedin<\/span>\n\t\t\t\t\t\t<i aria-hidden=\"true\" class=\"fab fa-linkedin\"><\/i>\t\t\t\t\t<\/a>\n\t\t\t\t<\/span>\n\t\t\t\t\t<\/div>\n\t\t\t\t\t\t<\/div>\n\t\t\t\t<\/div>\n\t\t\t\t\t<\/div>\n\t\t<\/div>\n\t\t\t\t\t<\/div>\n\t\t<\/section>\n\t\t\t\t\t<\/div>\n\t\t<\/div>\n\t\t\t\t\t<\/div>\n\t\t<\/section>\n\t\t\t\t<section class=\"elementor-section elementor-top-section elementor-element elementor-element-b2c6df0 elementor-section-stretched elementor-section-boxed elementor-section-height-default elementor-section-height-default\" data-id=\"b2c6df0\" data-element_type=\"section\" data-e-type=\"section\" data-settings=\"{&quot;stretch_section&quot;:&quot;section-stretched&quot;}\">\n\t\t\t\t\t\t<div class=\"elementor-container elementor-column-gap-default\">\n\t\t\t\t\t<div class=\"elementor-column elementor-col-100 elementor-top-column elementor-element elementor-element-a6e4b57\" data-id=\"a6e4b57\" data-element_type=\"column\" data-e-type=\"column\">\n\t\t\t<div class=\"elementor-widget-wrap elementor-element-populated\">\n\t\t\t\t\t\t<div class=\"elementor-element elementor-element-9558384 elementor-widget elementor-widget-spacer\" data-id=\"9558384\" data-element_type=\"widget\" data-e-type=\"widget\" data-widget_type=\"spacer.default\">\n\t\t\t\t<div class=\"elementor-widget-container\">\n\t\t\t\t\t\t\t<div class=\"elementor-spacer\">\n\t\t\t<div class=\"elementor-spacer-inner\"><\/div>\n\t\t<\/div>\n\t\t\t\t\t\t<\/div>\n\t\t\t\t<\/div>\n\t\t\t\t<div class=\"elementor-element elementor-element-d247840 elementor-widget elementor-widget-text-editor\" data-id=\"d247840\" data-element_type=\"widget\" data-e-type=\"widget\" data-widget_type=\"text-editor.default\">\n\t\t\t\t<div class=\"elementor-widget-container\">\n\t\t\t\t\t\t\t\t\t<p class=\"translation-block\">R\u00e9ka magyar m\u00e1rka\u00e9p\u00edt\u00e9si szak\u00e9rt\u0151, 10 \u00e9ves szakmai tapasztalata sor\u00e1n t\u00f6bb nemzetk\u00f6zi tan\u00e1csad\u00f3 \u00fcgyn\u00f6ks\u00e9gn\u00e9l tev\u00e9kenykedett Brand Specialist poz\u00edci\u00f3ban. Kreat\u00edv \u00edr\u00e1s ir\u00e1nti szenved\u00e9ly\u00e9t, illetve szak\u00e9rtelm\u00e9t nem csup\u00e1n nagyv\u00e1llalati k\u00f6rnyezetben, hanem kisebb c\u00e9gekn\u00e9l is volt alkalma fejleszteni, els\u0151sorban k\u00fcl\u00f6nf\u00e9le magazinok cikk\u00edr\u00f3i, \u00e9s f\u0151szerkeszt\u0151i poz\u00edci\u00f3j\u00e1ban.<\/p><p class=\"translation-block\">ezen fel\u00fcl R\u00e9ka multitaskingban igazi rockszt\u00e1r, hiszen p\u00e1lyafut\u00e1sa sor\u00e1n hozz\u00e1szokott a gyors temp\u00f3j\u00fa, innovat\u00edv munkak\u00f6rnyezethez. \u00dcgyfelei az\u00e9rt szeretnek vele dolgozni, mert olyan kreat\u00edv \u00f6tletekkel \u00e1ll el\u0151, melynek f\u0151 f\u00f3kusza a m\u00e1rka hiteless\u00e9ge \u00e9s egyed\u00fcl\u00e1ll\u00f3s\u00e1ga.<\/p><p class=\"translation-block\">legyen sz\u00f3 b\u00e1rmilyen jelleg\u0171 kreat\u00edv projektr\u0151l, ha vele dolgozol, biztosan szil\u00e1rd strat\u00e9giai alappal indultok neki a k\u00f6z\u00f6s munk\u00e1nak!<\/p>\t\t\t\t\t\t\t\t<\/div>\n\t\t\t\t<\/div>\n\t\t\t\t\t<\/div>\n\t\t<\/div>\n\t\t\t\t\t<\/div>\n\t\t<\/section>\n\t\t\t\t<section class=\"elementor-section elementor-top-section elementor-element elementor-element-11703e6 elementor-section-stretched elementor-section-boxed elementor-section-height-default elementor-section-height-default\" data-id=\"11703e6\" data-element_type=\"section\" data-e-type=\"section\" data-settings=\"{&quot;stretch_section&quot;:&quot;section-stretched&quot;}\">\n\t\t\t\t\t\t<div class=\"elementor-container elementor-column-gap-default\">\n\t\t\t\t\t<div class=\"elementor-column elementor-col-100 elementor-top-column elementor-element elementor-element-5d88c47\" data-id=\"5d88c47\" data-element_type=\"column\" data-e-type=\"column\">\n\t\t\t<div class=\"elementor-widget-wrap elementor-element-populated\">\n\t\t\t\t\t\t<div class=\"elementor-element elementor-element-cceed2a elementor-invisible elementor-widget elementor-widget-heading\" data-id=\"cceed2a\" data-element_type=\"widget\" data-e-type=\"widget\" data-settings=\"{&quot;_animation&quot;:&quot;fadeInUp&quot;}\" data-widget_type=\"heading.default\">\n\t\t\t\t<div class=\"elementor-widget-container\">\n\t\t\t\t\t<h2 class=\"elementor-heading-title elementor-size-default\"><br>a k\u00f6vetkez\u0151 ter\u00fcleteken maximumot ny\u00fajtja:<\/h2>\t\t\t\t<\/div>\n\t\t\t\t<\/div>\n\t\t\t\t<div class=\"elementor-element elementor-element-b93f711 elementor-widget elementor-widget-onovo-services-list\" data-id=\"b93f711\" data-element_type=\"widget\" data-e-type=\"widget\" data-widget_type=\"onovo-services-list.default\">\n\t\t\t\t<div class=\"elementor-widget-container\">\n\t\t\t\t\t\t\t\n\t\t\t\t<div class=\"onovo-services-list\">\n\t\t\t\t\t\t<div class=\"onovo-service-item-list\">\n\t\t\t\t<div class=\"onovo-service-item-list-inner\">\n\t\t\t\t\t\t\t\t\t\t\t\t\t\t\t<div class=\"image\">\n\t\t\t\t\t\t<div class=\"icon\"><i aria-hidden=\"true\" class=\"fas fa-pen-fancy\"><\/i><\/div>\n\t\t\t\t\t<\/div>\n\t\t\t\t\t\t\t\t\t\t\t\t\t\t\t\t\t\t\t\t\t\t\t\t\t\t\t\t\t\t<h5 class=\"title\">\n\t\t\t\t\t\t\t\t\t\t\t\t\t<span >\n\t\t\t\t\t\t\t\tkreat\u00edv \u00edr\u00e1s\t\t\t\t\t\t\t<\/span>\n\t\t\t\t\t\t<\/a>\t\t\t\t\t<\/h5>\n\t\t\t\t\t\t\t\t\t\t\t\t\t\t<\/div>\n\t\t\t<\/div>\n\t\t\t\t\t\t<div class=\"onovo-service-item-list\">\n\t\t\t\t<div class=\"onovo-service-item-list-inner\">\n\t\t\t\t\t\t\t\t\t\t\t\t\t\t\t<div class=\"image\">\n\t\t\t\t\t\t<div class=\"icon\"><i aria-hidden=\"true\" class=\"far fa-gem\"><\/i><\/div>\n\t\t\t\t\t<\/div>\n\t\t\t\t\t\t\t\t\t\t\t\t\t\t\t\t\t\t\t\t\t\t\t\t\t\t\t\t\t\t<h5 class=\"title\">\n\t\t\t\t\t\t\t\t\t\t\t\t\t<span >\n\t\t\t\t\t\t\t\tonline term\u00e9k &amp; szolg\u00e1ltat\u00e1si m\u00e1rka\u00e9p\u00edt\u00e9s\t\t\t\t\t\t\t<\/span>\n\t\t\t\t\t\t<\/a>\t\t\t\t\t<\/h5>\n\t\t\t\t\t\t\t\t\t\t\t\t\t\t<\/div>\n\t\t\t<\/div>\n\t\t\t\t\t\t<div class=\"onovo-service-item-list\">\n\t\t\t\t<div class=\"onovo-service-item-list-inner\">\n\t\t\t\t\t\t\t\t\t\t\t\t\t\t\t<div class=\"image\">\n\t\t\t\t\t\t<div class=\"icon\"><i aria-hidden=\"true\" class=\"fas fa-people-arrows\"><\/i><\/div>\n\t\t\t\t\t<\/div>\n\t\t\t\t\t\t\t\t\t\t\t\t\t\t\t\t\t\t\t\t\t\t\t\t\t\t\t\t\t\t<h5 class=\"title\">\n\t\t\t\t\t\t\t\t\t\t\t\t\t<span >\n\t\t\t\t\t\t\t\tmunk\u00e1ltat\u00f3i m\u00e1rka\u00e9p\u00edt\u00e9s\t\t\t\t\t\t\t<\/span>\n\t\t\t\t\t\t<\/a>\t\t\t\t\t<\/h5>\n\t\t\t\t\t\t\t\t\t\t\t\t\t\t<\/div>\n\t\t\t<\/div>\n\t\t\t\t\t\t<div class=\"onovo-service-item-list\">\n\t\t\t\t<div class=\"onovo-service-item-list-inner\">\n\t\t\t\t\t\t\t\t\t\t\t\t\t\t\t<div class=\"image\">\n\t\t\t\t\t\t<div class=\"icon\"><i aria-hidden=\"true\" class=\"far fa-calendar-alt\"><\/i><\/div>\n\t\t\t\t\t<\/div>\n\t\t\t\t\t\t\t\t\t\t\t\t\t\t\t\t\t\t\t\t\t\t\t\t\t\t\t\t\t\t<h5 class=\"title\">\n\t\t\t\t\t\t\t\t\t\t\t\t\t<span >\n\t\t\t\t\t\t\t\tonline esem\u00e9nyek\t\t\t\t\t\t\t<\/span>\n\t\t\t\t\t\t<\/a>\t\t\t\t\t<\/h5>\n\t\t\t\t\t\t\t\t\t\t\t\t\t\t<\/div>\n\t\t\t<\/div>\n\t\t\t\t\t\t<div class=\"onovo-service-item-list\">\n\t\t\t\t<div class=\"onovo-service-item-list-inner\">\n\t\t\t\t\t\t\t\t\t\t\t\t\t\t\t<div class=\"image\">\n\t\t\t\t\t\t<div class=\"icon\"><i aria-hidden=\"true\" class=\"fas fa-chart-line\"><\/i><\/div>\n\t\t\t\t\t<\/div>\n\t\t\t\t\t\t\t\t\t\t\t\t\t\t\t\t\t\t\t\t\t\t\t\t\t\t\t\t\t\t<h5 class=\"title\">\n\t\t\t\t\t\t\t\t\t\t\t\t\t<span >\n\t\t\t\t\t\t\t\t\u00fczletfejleszt\u00e9s\t\t\t\t\t\t\t<\/span>\n\t\t\t\t\t\t<\/a>\t\t\t\t\t<\/h5>\n\t\t\t\t\t\t\t\t\t\t\t\t\t\t<\/div>\n\t\t\t<\/div>\n\t\t\t\t\t<\/div>\n\t\t\n\t\t\t\t\t\t<\/div>\n\t\t\t\t<\/div>\n\t\t\t\t\t<\/div>\n\t\t<\/div>\n\t\t\t\t\t<\/div>\n\t\t<\/section>\n\t\t\t\t<\/div>","protected":false},"excerpt":{"rendered":"<p>R\u00e9ka Gol\u00e0cs brand marketing &#038; communication expert reka.golacs@ultrawebstudio.it Linkedin R\u00e9ka \u00e8 la nostra esperta ungherese di&#8230; <br \/><a href=\"https:\/\/www.ultrawebstudio.it\/hu\/team\/reka-golacs\/\" class=\"onovo-btn onovo-hover-btn\"><span>Read more<\/span><\/a><\/p>","protected":false},"author":1,"featured_media":0,"parent":2739,"menu_order":0,"comment_status":"closed","ping_status":"closed","template":"","meta":{"footnotes":""},"class_list":["post-6272","page","type-page","status-publish","hentry"],"acf":[],"_links":{"self":[{"href":"https:\/\/www.ultrawebstudio.it\/hu\/wp-json\/wp\/v2\/pages\/6272","targetHints":{"allow":["GET"]}}],"collection":[{"href":"https:\/\/www.ultrawebstudio.it\/hu\/wp-json\/wp\/v2\/pages"}],"about":[{"href":"https:\/\/www.ultrawebstudio.it\/hu\/wp-json\/wp\/v2\/types\/page"}],"author":[{"embeddable":true,"href":"https:\/\/www.ultrawebstudio.it\/hu\/wp-json\/wp\/v2\/users\/1"}],"replies":[{"embeddable":true,"href":"https:\/\/www.ultrawebstudio.it\/hu\/wp-json\/wp\/v2\/comments?post=6272"}],"version-history":[{"count":110,"href":"https:\/\/www.ultrawebstudio.it\/hu\/wp-json\/wp\/v2\/pages\/6272\/revisions"}],"predecessor-version":[{"id":8290,"href":"https:\/\/www.ultrawebstudio.it\/hu\/wp-json\/wp\/v2\/pages\/6272\/revisions\/8290"}],"up":[{"embeddable":true,"href":"https:\/\/www.ultrawebstudio.it\/hu\/wp-json\/wp\/v2\/pages\/2739"}],"wp:attachment":[{"href":"https:\/\/www.ultrawebstudio.it\/hu\/wp-json\/wp\/v2\/media?parent=6272"}],"curies":[{"name":"wp","href":"https:\/\/api.w.org\/{rel}","templated":true}]}}